{"id":456,"date":"2024-06-29T16:36:26","date_gmt":"2024-06-29T14:36:26","guid":{"rendered":"https:\/\/piscinebluedesign33.fr\/?page_id=456"},"modified":"2024-06-29T18:58:57","modified_gmt":"2024-06-29T16:58:57","slug":"photos","status":"publish","type":"page","link":"https:\/\/piscinebluedesign33.fr\/index.php\/photos\/","title":{"rendered":"Photos"},"content":{"rendered":"\t\t<div data-elementor-type=\"wp-page\" data-elementor-id=\"456\" class=\"elementor elementor-456\">\n\t\t\t\t<div class=\"elementor-element elementor-element-65c8319 e-flex e-con-boxed e-con e-parent\" data-id=\"65c8319\" data-element_type=\"container\">\n\t\t\t\t\t<div class=\"e-con-inner\">\n\t\t\t\t<div class=\"elementor-element elementor-element-f18ad03 elementor-widget elementor-widget-heading\" data-id=\"f18ad03\" data-element_type=\"widget\" data-widget_type=\"heading.default\">\n\t\t\t\t<div class=\"elementor-widget-container\">\n\t\t\t<style>\/*! elementor - v3.21.0 - 30-04-2024 *\/\n.elementor-heading-title{padding:0;margin:0;line-height:1}.elementor-widget-heading .elementor-heading-title[class*=elementor-size-]>a{color:inherit;font-size:inherit;line-height:inherit}.elementor-widget-heading .elementor-heading-title.elementor-size-small{font-size:15px}.elementor-widget-heading .elementor-heading-title.elementor-size-medium{font-size:19px}.elementor-widget-heading .elementor-heading-title.elementor-size-large{font-size:29px}.elementor-widget-heading .elementor-heading-title.elementor-size-xl{font-size:39px}.elementor-widget-heading .elementor-heading-title.elementor-size-xxl{font-size:59px}<\/style><h2 class=\"elementor-heading-title elementor-size-default\">Vous souhaitez d\u00e9couvrir les prestations de Piscine Blue Design ? <\/h2>\t\t<\/div>\n\t\t\t\t<\/div>\n\t\t\t\t\t<\/div>\n\t\t\t\t<\/div>\n\t\t<div class=\"elementor-element elementor-element-1f492a6 e-flex e-con-boxed e-con e-parent\" data-id=\"1f492a6\" data-element_type=\"container\">\n\t\t\t\t\t<div class=\"e-con-inner\">\n\t\t\t\t<div class=\"elementor-element elementor-element-d8e3665 elementor-widget elementor-widget-text-editor\" data-id=\"d8e3665\" data-element_type=\"widget\" data-widget_type=\"text-editor.default\">\n\t\t\t\t<div class=\"elementor-widget-container\">\n\t\t\t<style>\/*! elementor - v3.21.0 - 30-04-2024 *\/\n.elementor-widget-text-editor.elementor-drop-cap-view-stacked .elementor-drop-cap{background-color:#69727d;color:#fff}.elementor-widget-text-editor.elementor-drop-cap-view-framed .elementor-drop-cap{color:#69727d;border:3px solid;background-color:transparent}.elementor-widget-text-editor:not(.elementor-drop-cap-view-default) .elementor-drop-cap{margin-top:8px}.elementor-widget-text-editor:not(.elementor-drop-cap-view-default) .elementor-drop-cap-letter{width:1em;height:1em}.elementor-widget-text-editor .elementor-drop-cap{float:left;text-align:center;line-height:1;font-size:50px}.elementor-widget-text-editor .elementor-drop-cap-letter{display:inline-block}<\/style>\t\t\t\t<p>Vous trouverez ici les diff\u00e9rentes r\u00e9alisations de Piscine Blue Design :<\/p><ul><li>Mise en place de piscine,<\/li><li>R\u00e9novation de piscine,<\/li><li>Cr\u00e9ation de terrasse en bois<\/li><li>Cr\u00e9ation de terrasse en composite<\/li><li>Terrassement<\/li><\/ul><p>Pour d\u00e9couvrir les \u00e9tapes des prestations, cliquez sur les boutons ci-dessous ou dans le menu.<\/p>\t\t\t\t\t\t<\/div>\n\t\t\t\t<\/div>\n\t\t\t\t\t<\/div>\n\t\t\t\t<\/div>\n\t\t<div class=\"elementor-element elementor-element-d3f4cb7 e-grid e-con-boxed e-con e-parent\" data-id=\"d3f4cb7\" data-element_type=\"container\">\n\t\t\t\t\t<div class=\"e-con-inner\">\n\t\t\t\t<div class=\"elementor-element elementor-element-dcc5535 elementor-align-center elementor-widget elementor-widget-button\" data-id=\"dcc5535\" data-element_type=\"widget\" data-widget_type=\"button.default\">\n\t\t\t\t<div class=\"elementor-widget-container\">\n\t\t\t\t\t<div class=\"elementor-button-wrapper\">\n\t\t\t<a class=\"elementor-button elementor-button-link elementor-size-sm\" href=\"https:\/\/piscinebluedesign33.fr\/index.php\/photos-piscine\">\n\t\t\t\t\t\t<span class=\"elementor-button-content-wrapper\">\n\t\t\t\t\t\t\t\t\t<span class=\"elementor-button-text\">Cliquez ici pour les photos Piscine<\/span>\n\t\t\t\t\t<\/span>\n\t\t\t\t\t<\/a>\n\t\t<\/div>\n\t\t\t\t<\/div>\n\t\t\t\t<\/div>\n\t\t\t\t<div class=\"elementor-element elementor-element-829bfdb elementor-align-center elementor-widget elementor-widget-button\" data-id=\"829bfdb\" data-element_type=\"widget\" data-widget_type=\"button.default\">\n\t\t\t\t<div class=\"elementor-widget-container\">\n\t\t\t\t\t<div class=\"elementor-button-wrapper\">\n\t\t\t<a class=\"elementor-button elementor-button-link elementor-size-sm\" href=\"https:\/\/piscinebluedesign33.fr\/index.php\/elementor-466\/\">\n\t\t\t\t\t\t<span class=\"elementor-button-content-wrapper\">\n\t\t\t\t\t\t\t\t\t<span class=\"elementor-button-text\">Cliquez ici pour les photos Terrasse<\/span>\n\t\t\t\t\t<\/span>\n\t\t\t\t\t<\/a>\n\t\t<\/div>\n\t\t\t\t<\/div>\n\t\t\t\t<\/div>\n\t\t\t\t<div class=\"elementor-element elementor-element-465ecb1 elementor-align-center elementor-widget elementor-widget-button\" data-id=\"465ecb1\" data-element_type=\"widget\" data-widget_type=\"button.default\">\n\t\t\t\t<div class=\"elementor-widget-container\">\n\t\t\t\t\t<div class=\"elementor-button-wrapper\">\n\t\t\t<a class=\"elementor-button elementor-button-link elementor-size-sm\" href=\"https:\/\/piscinebluedesign33.fr\/index.php\/photos-terrassement\/\">\n\t\t\t\t\t\t<span class=\"elementor-button-content-wrapper\">\n\t\t\t\t\t\t\t\t\t<span class=\"elementor-button-text\">Cliquez ici pour les photos Terrassement<\/span>\n\t\t\t\t\t<\/span>\n\t\t\t\t\t<\/a>\n\t\t<\/div>\n\t\t\t\t<\/div>\n\t\t\t\t<\/div>\n\t\t\t\t\t<\/div>\n\t\t\t\t<\/div>\n\t\t\t\t<\/div>\n\t\t","protected":false},"excerpt":{"rendered":"<p>Vous souhaitez d\u00e9couvrir les prestations de Piscine Blue Design ? Vous trouverez ici les diff\u00e9rentes r\u00e9alisations de Piscine Blue Design : Mise en place de piscine, R\u00e9novation de piscine, Cr\u00e9ation de terrasse en bois Cr\u00e9ation de terrasse en composite Terrassement Pour d\u00e9couvrir les \u00e9tapes des prestations, cliquez sur les boutons ci-dessous ou dans le menu. [&hellip;]<\/p>\n","protected":false},"author":1,"featured_media":0,"parent":0,"menu_order":0,"comment_status":"closed","ping_status":"closed","template":"elementor_header_footer","meta":{"footnotes":""},"class_list":["post-456","page","type-page","status-publish","hentry","entry"],"yoast_head":"<!-- This site is optimized with the Yoast SEO plugin v22.6 - https:\/\/yoast.com\/wordpress\/plugins\/seo\/ -->\n<title>Photos - Piscine Blue Design<\/title>\n<meta name=\"description\" content=\"Pr\u00e9sentation des photos de piscine, terrasse, r\u00e9novation, terrassement de Piscine Blue Design en Gironde\" \/>\n<meta name=\"robots\" content=\"index, follow, max-snippet:-1, max-image-preview:large, max-video-preview:-1\" \/>\n<link rel=\"canonical\" href=\"https:\/\/piscinebluedesign33.fr\/index.php\/photos\/\" \/>\n<meta property=\"og:locale\" content=\"fr_FR\" \/>\n<meta property=\"og:type\" content=\"article\" \/>\n<meta property=\"og:title\" content=\"Photos - Piscine Blue Design\" \/>\n<meta property=\"og:description\" content=\"Pr\u00e9sentation des photos de piscine, terrasse, r\u00e9novation, terrassement de Piscine Blue Design en Gironde\" \/>\n<meta property=\"og:url\" content=\"https:\/\/piscinebluedesign33.fr\/index.php\/photos\/\" \/>\n<meta property=\"og:site_name\" content=\"Piscine Blue Design\" \/>\n<meta property=\"article:publisher\" content=\"https:\/\/www.facebook.com\/piscinebluedesign\" \/>\n<meta property=\"article:modified_time\" content=\"2024-06-29T16:58:57+00:00\" \/>\n<meta name=\"twitter:card\" content=\"summary_large_image\" \/>\n<meta name=\"twitter:label1\" content=\"Dur\u00e9e de lecture estim\u00e9e\" \/>\n\t<meta name=\"twitter:data1\" content=\"1 minute\" \/>\n<script type=\"application\/ld+json\" class=\"yoast-schema-graph\">{\"@context\":\"https:\/\/schema.org\",\"@graph\":[{\"@type\":\"WebPage\",\"@id\":\"https:\/\/piscinebluedesign33.fr\/index.php\/photos\/\",\"url\":\"https:\/\/piscinebluedesign33.fr\/index.php\/photos\/\",\"name\":\"Photos - Piscine Blue Design\",\"isPartOf\":{\"@id\":\"https:\/\/piscinebluedesign33.fr\/#website\"},\"datePublished\":\"2024-06-29T14:36:26+00:00\",\"dateModified\":\"2024-06-29T16:58:57+00:00\",\"description\":\"Pr\u00e9sentation des photos de piscine, terrasse, r\u00e9novation, terrassement de Piscine Blue Design en Gironde\",\"breadcrumb\":{\"@id\":\"https:\/\/piscinebluedesign33.fr\/index.php\/photos\/#breadcrumb\"},\"inLanguage\":\"fr-FR\",\"potentialAction\":[{\"@type\":\"ReadAction\",\"target\":[\"https:\/\/piscinebluedesign33.fr\/index.php\/photos\/\"]}]},{\"@type\":\"BreadcrumbList\",\"@id\":\"https:\/\/piscinebluedesign33.fr\/index.php\/photos\/#breadcrumb\",\"itemListElement\":[{\"@type\":\"ListItem\",\"position\":1,\"name\":\"Accueil\",\"item\":\"https:\/\/piscinebluedesign33.fr\/\"},{\"@type\":\"ListItem\",\"position\":2,\"name\":\"Photos\"}]},{\"@type\":\"WebSite\",\"@id\":\"https:\/\/piscinebluedesign33.fr\/#website\",\"url\":\"https:\/\/piscinebluedesign33.fr\/\",\"name\":\"Piscine Blue Design\",\"description\":\"\",\"publisher\":{\"@id\":\"https:\/\/piscinebluedesign33.fr\/#organization\"},\"potentialAction\":[{\"@type\":\"SearchAction\",\"target\":{\"@type\":\"EntryPoint\",\"urlTemplate\":\"https:\/\/piscinebluedesign33.fr\/?s={search_term_string}\"},\"query-input\":\"required name=search_term_string\"}],\"inLanguage\":\"fr-FR\"},{\"@type\":\"Organization\",\"@id\":\"https:\/\/piscinebluedesign33.fr\/#organization\",\"name\":\"Piscine Blue Design\",\"url\":\"https:\/\/piscinebluedesign33.fr\/\",\"logo\":{\"@type\":\"ImageObject\",\"inLanguage\":\"fr-FR\",\"@id\":\"https:\/\/piscinebluedesign33.fr\/#\/schema\/logo\/image\/\",\"url\":\"https:\/\/piscinebluedesign33.fr\/wp-content\/uploads\/2024\/05\/Logo-PBD.png.jpg\",\"contentUrl\":\"https:\/\/piscinebluedesign33.fr\/wp-content\/uploads\/2024\/05\/Logo-PBD.png.jpg\",\"width\":335,\"height\":112,\"caption\":\"Piscine Blue Design\"},\"image\":{\"@id\":\"https:\/\/piscinebluedesign33.fr\/#\/schema\/logo\/image\/\"},\"sameAs\":[\"https:\/\/www.facebook.com\/piscinebluedesign\",\"https:\/\/www.instagram.com\/piscinebluedesign33\/\"]}]}<\/script>\n<!-- \/ Yoast SEO plugin. -->","yoast_head_json":{"title":"Photos - Piscine Blue Design","description":"Pr\u00e9sentation des photos de piscine, terrasse, r\u00e9novation, terrassement de Piscine Blue Design en Gironde","robots":{"index":"index","follow":"follow","max-snippet":"max-snippet:-1","max-image-preview":"max-image-preview:large","max-video-preview":"max-video-preview:-1"},"canonical":"https:\/\/piscinebluedesign33.fr\/index.php\/photos\/","og_locale":"fr_FR","og_type":"article","og_title":"Photos - Piscine Blue Design","og_description":"Pr\u00e9sentation des photos de piscine, terrasse, r\u00e9novation, terrassement de Piscine Blue Design en Gironde","og_url":"https:\/\/piscinebluedesign33.fr\/index.php\/photos\/","og_site_name":"Piscine Blue Design","article_publisher":"https:\/\/www.facebook.com\/piscinebluedesign","article_modified_time":"2024-06-29T16:58:57+00:00","twitter_card":"summary_large_image","twitter_misc":{"Dur\u00e9e de lecture estim\u00e9e":"1 minute"},"schema":{"@context":"https:\/\/schema.org","@graph":[{"@type":"WebPage","@id":"https:\/\/piscinebluedesign33.fr\/index.php\/photos\/","url":"https:\/\/piscinebluedesign33.fr\/index.php\/photos\/","name":"Photos - Piscine Blue Design","isPartOf":{"@id":"https:\/\/piscinebluedesign33.fr\/#website"},"datePublished":"2024-06-29T14:36:26+00:00","dateModified":"2024-06-29T16:58:57+00:00","description":"Pr\u00e9sentation des photos de piscine, terrasse, r\u00e9novation, terrassement de Piscine Blue Design en Gironde","breadcrumb":{"@id":"https:\/\/piscinebluedesign33.fr\/index.php\/photos\/#breadcrumb"},"inLanguage":"fr-FR","potentialAction":[{"@type":"ReadAction","target":["https:\/\/piscinebluedesign33.fr\/index.php\/photos\/"]}]},{"@type":"BreadcrumbList","@id":"https:\/\/piscinebluedesign33.fr\/index.php\/photos\/#breadcrumb","itemListElement":[{"@type":"ListItem","position":1,"name":"Accueil","item":"https:\/\/piscinebluedesign33.fr\/"},{"@type":"ListItem","position":2,"name":"Photos"}]},{"@type":"WebSite","@id":"https:\/\/piscinebluedesign33.fr\/#website","url":"https:\/\/piscinebluedesign33.fr\/","name":"Piscine Blue Design","description":"","publisher":{"@id":"https:\/\/piscinebluedesign33.fr\/#organization"},"potentialAction":[{"@type":"SearchAction","target":{"@type":"EntryPoint","urlTemplate":"https:\/\/piscinebluedesign33.fr\/?s={search_term_string}"},"query-input":"required name=search_term_string"}],"inLanguage":"fr-FR"},{"@type":"Organization","@id":"https:\/\/piscinebluedesign33.fr\/#organization","name":"Piscine Blue Design","url":"https:\/\/piscinebluedesign33.fr\/","logo":{"@type":"ImageObject","inLanguage":"fr-FR","@id":"https:\/\/piscinebluedesign33.fr\/#\/schema\/logo\/image\/","url":"https:\/\/piscinebluedesign33.fr\/wp-content\/uploads\/2024\/05\/Logo-PBD.png.jpg","contentUrl":"https:\/\/piscinebluedesign33.fr\/wp-content\/uploads\/2024\/05\/Logo-PBD.png.jpg","width":335,"height":112,"caption":"Piscine Blue Design"},"image":{"@id":"https:\/\/piscinebluedesign33.fr\/#\/schema\/logo\/image\/"},"sameAs":["https:\/\/www.facebook.com\/piscinebluedesign","https:\/\/www.instagram.com\/piscinebluedesign33\/"]}]}},"_links":{"self":[{"href":"https:\/\/piscinebluedesign33.fr\/index.php\/wp-json\/wp\/v2\/pages\/456","targetHints":{"allow":["GET"]}}],"collection":[{"href":"https:\/\/piscinebluedesign33.fr\/index.php\/wp-json\/wp\/v2\/pages"}],"about":[{"href":"https:\/\/piscinebluedesign33.fr\/index.php\/wp-json\/wp\/v2\/types\/page"}],"author":[{"embeddable":true,"href":"https:\/\/piscinebluedesign33.fr\/index.php\/wp-json\/wp\/v2\/users\/1"}],"replies":[{"embeddable":true,"href":"https:\/\/piscinebluedesign33.fr\/index.php\/wp-json\/wp\/v2\/comments?post=456"}],"version-history":[{"count":28,"href":"https:\/\/piscinebluedesign33.fr\/index.php\/wp-json\/wp\/v2\/pages\/456\/revisions"}],"predecessor-version":[{"id":514,"href":"https:\/\/piscinebluedesign33.fr\/index.php\/wp-json\/wp\/v2\/pages\/456\/revisions\/514"}],"wp:attachment":[{"href":"https:\/\/piscinebluedesign33.fr\/index.php\/wp-json\/wp\/v2\/media?parent=456"}],"curies":[{"name":"wp","href":"https:\/\/api.w.org\/{rel}","templated":true}]}}