{"id":282,"date":"2024-05-06T17:03:24","date_gmt":"2024-05-06T15:03:24","guid":{"rendered":"https:\/\/piscinebluedesign33.fr\/?page_id=282"},"modified":"2024-05-08T14:18:15","modified_gmt":"2024-05-08T12:18:15","slug":"contact","status":"publish","type":"page","link":"https:\/\/piscinebluedesign33.fr\/index.php\/contact\/","title":{"rendered":"Contact"},"content":{"rendered":"\t\t<div data-elementor-type=\"wp-page\" data-elementor-id=\"282\" class=\"elementor elementor-282\">\n\t\t\t\t<div class=\"elementor-element elementor-element-6a19866 e-flex e-con-boxed e-con e-parent\" data-id=\"6a19866\" data-element_type=\"container\">\n\t\t\t\t\t<div class=\"e-con-inner\">\n\t\t\t\t<div class=\"elementor-element elementor-element-27ed1e9 elementor-widget elementor-widget-heading\" data-id=\"27ed1e9\" data-element_type=\"widget\" data-widget_type=\"heading.default\">\n\t\t\t\t<div class=\"elementor-widget-container\">\n\t\t\t<style>\/*! elementor - v3.21.0 - 30-04-2024 *\/\n.elementor-heading-title{padding:0;margin:0;line-height:1}.elementor-widget-heading .elementor-heading-title[class*=elementor-size-]>a{color:inherit;font-size:inherit;line-height:inherit}.elementor-widget-heading .elementor-heading-title.elementor-size-small{font-size:15px}.elementor-widget-heading .elementor-heading-title.elementor-size-medium{font-size:19px}.elementor-widget-heading .elementor-heading-title.elementor-size-large{font-size:29px}.elementor-widget-heading .elementor-heading-title.elementor-size-xl{font-size:39px}.elementor-widget-heading .elementor-heading-title.elementor-size-xxl{font-size:59px}<\/style><h2 class=\"elementor-heading-title elementor-size-default\">Un renseignement, une demande de devis ?<\/h2>\t\t<\/div>\n\t\t\t\t<\/div>\n\t\t\t\t\t<\/div>\n\t\t\t\t<\/div>\n\t\t<div class=\"elementor-element elementor-element-3562333 e-flex e-con-boxed e-con e-parent\" data-id=\"3562333\" data-element_type=\"container\">\n\t\t\t\t\t<div class=\"e-con-inner\">\n\t\t\t\t<div class=\"elementor-element elementor-element-905a257 elementor-widget elementor-widget-text-editor\" data-id=\"905a257\" data-element_type=\"widget\" data-widget_type=\"text-editor.default\">\n\t\t\t\t<div class=\"elementor-widget-container\">\n\t\t\t<style>\/*! elementor - v3.21.0 - 30-04-2024 *\/\n.elementor-widget-text-editor.elementor-drop-cap-view-stacked .elementor-drop-cap{background-color:#69727d;color:#fff}.elementor-widget-text-editor.elementor-drop-cap-view-framed .elementor-drop-cap{color:#69727d;border:3px solid;background-color:transparent}.elementor-widget-text-editor:not(.elementor-drop-cap-view-default) .elementor-drop-cap{margin-top:8px}.elementor-widget-text-editor:not(.elementor-drop-cap-view-default) .elementor-drop-cap-letter{width:1em;height:1em}.elementor-widget-text-editor .elementor-drop-cap{float:left;text-align:center;line-height:1;font-size:50px}.elementor-widget-text-editor .elementor-drop-cap-letter{display:inline-block}<\/style>\t\t\t\t<p class=\"vc_custom_heading\">Nous r\u00e9pondrons avec plaisir \u00e0 toutes vos questions et r\u00e9aliserons un devis personnalis\u00e9 gratuitement.<\/p>\t\t\t\t\t\t<\/div>\n\t\t\t\t<\/div>\n\t\t\t\t\t<\/div>\n\t\t\t\t<\/div>\n\t\t<div class=\"elementor-element elementor-element-c52e282 e-flex e-con-boxed e-con e-parent\" data-id=\"c52e282\" data-element_type=\"container\">\n\t\t\t\t\t<div class=\"e-con-inner\">\n\t\t<div class=\"elementor-element elementor-element-9758f85 e-grid e-con-boxed e-con e-child\" data-id=\"9758f85\" data-element_type=\"container\">\n\t\t\t\t\t<div class=\"e-con-inner\">\n\t\t\t\t<div class=\"elementor-element elementor-element-12b518f elementor-widget elementor-widget-text-editor\" data-id=\"12b518f\" data-element_type=\"widget\" data-widget_type=\"text-editor.default\">\n\t\t\t\t<div class=\"elementor-widget-container\">\n\t\t\t\t\t\t\t<p><strong>PISCINE BLUE DESIGN<\/strong><\/p><p><strong>40 RUE BONNAOUS<\/strong><\/p><p><strong>33110 LE BOUSCAT<\/strong><\/p><p><strong>T\u00e9l : 06 21 01 13 23<\/strong><\/p><p><strong>@ : piscinebluedesign@gmail.com<\/strong><\/p>\t\t\t\t\t\t<\/div>\n\t\t\t\t<\/div>\n\t\t\t\t<div class=\"elementor-element elementor-element-1b304a7 elementor-widget elementor-widget-formidable\" data-id=\"1b304a7\" data-element_type=\"widget\" data-widget_type=\"formidable.default\">\n\t\t\t\t<div class=\"elementor-widget-container\">\n\t\t\t<div class=\"frm_forms  with_frm_style frm_style_style-formidable\" id=\"frm_form_3_container\" data-token=\"5f1cb1be28f2b4b902748622407ecce8\">\n<form enctype=\"multipart\/form-data\" method=\"post\" class=\"frm-show-form \" id=\"form_fiche-contact\"  data-token=\"5f1cb1be28f2b4b902748622407ecce8\">\n<div class=\"frm_form_fields \">\n<fieldset>\n<legend class=\"frm_screen_reader\">Fiche Contact<\/legend>\r\n\r\n<div class=\"frm_fields_container\">\n<input type=\"hidden\" name=\"frm_action\" value=\"create\" \/>\n<input type=\"hidden\" name=\"form_id\" value=\"3\" \/>\n<input type=\"hidden\" name=\"frm_hide_fields_3\" id=\"frm_hide_fields_3\" value=\"\" \/>\n<input type=\"hidden\" name=\"form_key\" value=\"fiche-contact\" \/>\n<input type=\"hidden\" name=\"item_meta[0]\" value=\"\" \/>\n<input type=\"hidden\" id=\"frm_submit_entry_3\" name=\"frm_submit_entry_3\" value=\"aaef096e3b\" \/><input type=\"hidden\" name=\"_wp_http_referer\" value=\"\/index.php\/wp-json\/wp\/v2\/pages\/282\" \/><div id=\"frm_field_8_container\" class=\"frm_form_field form-field  frm_required_field frm_top_container frm6 frm_first\">\r\n\t<label for=\"field_12cuh\" id=\"field_12cuh_label\" class=\"frm_primary_label\">Pr\u00e9nom\r\n\t\t<span class=\"frm_required\" aria-hidden=\"true\">*<\/span>\r\n\t<\/label>\r\n\t<input type=\"text\" id=\"field_12cuh\" name=\"item_meta[8]\" value=\"\"  data-reqmsg=\"Pr\u00e9nom ne peut pas \u00eatre vide.\" aria-required=\"true\" data-invmsg=\"Pr\u00e9nom est non valide\" aria-invalid=\"false\"  \/>\r\n\t\r\n\t\r\n<\/div>\n<div id=\"frm_field_9_container\" class=\"frm_form_field form-field  frm_required_field frm_top_container frm6\">\r\n\t<label for=\"field_aujd9\" id=\"field_aujd9_label\" class=\"frm_primary_label\">Nom\r\n\t\t<span class=\"frm_required\" aria-hidden=\"true\">*<\/span>\r\n\t<\/label>\r\n\t<input type=\"text\" id=\"field_aujd9\" name=\"item_meta[9]\" value=\"\"  data-reqmsg=\"Nom ne peut pas \u00eatre vide.\" aria-required=\"true\" data-invmsg=\"Nom est non valide\" aria-invalid=\"false\"  \/>\r\n\t\r\n\t\r\n<\/div>\n<div id=\"frm_field_15_container\" class=\"frm_form_field form-field  frm_top_container\">\r\n\t<label for=\"field_44xwr\" id=\"field_44xwr_label\" class=\"frm_primary_label\">T\u00e9l\u00e9phone\r\n\t\t<span class=\"frm_required\" aria-hidden=\"true\"><\/span>\r\n\t<\/label>\r\n\t<input type=\"tel\" id=\"field_44xwr\" name=\"item_meta[15]\" value=\"\"  data-invmsg=\"T\u00e9l\u00e9phone est non valide\" aria-invalid=\"false\" pattern=\"((\\+\\d{1,3}(-|.| )?\\(?\\d\\)?(-| |.)?\\d{1,5})|(\\(?\\d{2,6}\\)?))(-|.| )?(\\d{3,4})(-|.| )?(\\d{4})(( x| ext)\\d{1,5}){0,1}$\"  \/>\r\n\t\r\n\t\r\n<\/div>\n<div id=\"frm_field_13_container\" class=\"frm_form_field form-field  frm_required_field frm_top_container\">\r\n\t<label for=\"field_ed3tn\" id=\"field_ed3tn_label\" class=\"frm_primary_label\">Email\r\n\t\t<span class=\"frm_required\" aria-hidden=\"true\">*<\/span>\r\n\t<\/label>\r\n\t<input type=\"email\" id=\"field_ed3tn\" name=\"item_meta[13]\" value=\"\"  data-reqmsg=\"Email ne peut pas \u00eatre vide.\" aria-required=\"true\" data-invmsg=\"Email est non valide\" aria-invalid=\"false\"  \/>\r\n\t\r\n\t\r\n<\/div>\n<div id=\"frm_field_14_container\" class=\"frm_form_field form-field  frm_top_container\">\r\n\t<label for=\"field_fp1n7\" id=\"field_fp1n7_label\" class=\"frm_primary_label\">Votre message\r\n\t\t<span class=\"frm_required\" aria-hidden=\"true\"><\/span>\r\n\t<\/label>\r\n\t<textarea name=\"item_meta[14]\" id=\"field_fp1n7\" rows=\"5\"  data-invmsg=\"Votre message est non valide\" aria-invalid=\"false\"  ><\/textarea>\r\n\t\r\n\t\r\n<\/div>\n<div id=\"frm_field_7_container\" class=\"frm_form_field form-field  frm12 frm_first\">\r\n\t<div class=\"frm_submit frm_flex\">\r\n<button class=\"frm_button_submit\" type=\"submit\"  >Envoyer<\/button>\r\n\r\n\r\n\r\n<\/div>\r\n<\/div>\n\t<input type=\"hidden\" name=\"item_key\" value=\"\" \/>\n\t\t\t\t<div class=\"frm__663b69305d852\">\n\t\t\t\t<label for=\"frm_email_3\" >\n\t\t\t\t\tSi vous \u00eates un humain, ne remplissez pas ce champ.\t\t\t\t<\/label>\n\t\t\t\t<input  id=\"frm_email_3\" type=\"text\" class=\"frm_verify\" name=\"frm__663b69305d852\" value=\"\" autocomplete=\"false\"  \/>\n\t\t\t<\/div>\n\t\t<\/div>\n<\/fieldset>\n<\/div>\n<\/form>\n<\/div>\n\t\t<\/div>\n\t\t\t\t<\/div>\n\t\t\t\t\t<\/div>\n\t\t\t\t<\/div>\n\t\t\t\t\t<\/div>\n\t\t\t\t<\/div>\n\t\t\t\t<\/div>\n\t\t","protected":false},"excerpt":{"rendered":"<p>Un renseignement, une demande de devis ? Nous r\u00e9pondrons avec plaisir \u00e0 toutes vos questions et r\u00e9aliserons un devis personnalis\u00e9 gratuitement. PISCINE BLUE DESIGN 40 RUE BONNAOUS 33110 LE BOUSCAT T\u00e9l : 06 21 01 13 23 @ : piscinebluedesign@gmail.com Fiche Contact Pr\u00e9nom * Nom * T\u00e9l\u00e9phone Email * Votre message Envoyer Si vous \u00eates [&hellip;]<\/p>\n","protected":false},"author":1,"featured_media":0,"parent":0,"menu_order":0,"comment_status":"closed","ping_status":"closed","template":"elementor_header_footer","meta":{"footnotes":""},"class_list":["post-282","page","type-page","status-publish","hentry","entry"],"yoast_head":"<!-- This site is optimized with the Yoast SEO plugin v22.6 - https:\/\/yoast.com\/wordpress\/plugins\/seo\/ -->\n<title>Piscine Blue Design Bordeaux<\/title>\n<meta name=\"description\" content=\"Cliquez ici pour contacter Piscine Blue Design de Bordeaux pour votre projet de piscine, r\u00e9novation, terrasse et terrassement.\" \/>\n<meta name=\"robots\" content=\"index, follow, max-snippet:-1, max-image-preview:large, max-video-preview:-1\" \/>\n<link rel=\"canonical\" href=\"https:\/\/piscinebluedesign33.fr\/index.php\/contact\/\" \/>\n<meta property=\"og:locale\" content=\"fr_FR\" \/>\n<meta property=\"og:type\" content=\"article\" \/>\n<meta property=\"og:title\" content=\"Piscine Blue Design Bordeaux\" \/>\n<meta property=\"og:description\" content=\"Cliquez ici pour contacter Piscine Blue Design de Bordeaux pour votre projet de piscine, r\u00e9novation, terrasse et terrassement.\" \/>\n<meta property=\"og:url\" content=\"https:\/\/piscinebluedesign33.fr\/index.php\/contact\/\" \/>\n<meta property=\"og:site_name\" content=\"Piscine Blue Design\" \/>\n<meta property=\"article:publisher\" content=\"https:\/\/www.facebook.com\/piscinebluedesign\" \/>\n<meta property=\"article:modified_time\" content=\"2024-05-08T12:18:15+00:00\" \/>\n<meta name=\"twitter:card\" content=\"summary_large_image\" \/>\n<meta name=\"twitter:label1\" content=\"Dur\u00e9e de lecture estim\u00e9e\" \/>\n\t<meta name=\"twitter:data1\" content=\"1 minute\" \/>\n<script type=\"application\/ld+json\" class=\"yoast-schema-graph\">{\"@context\":\"https:\/\/schema.org\",\"@graph\":[{\"@type\":\"WebPage\",\"@id\":\"https:\/\/piscinebluedesign33.fr\/index.php\/contact\/\",\"url\":\"https:\/\/piscinebluedesign33.fr\/index.php\/contact\/\",\"name\":\"Piscine Blue Design Bordeaux\",\"isPartOf\":{\"@id\":\"https:\/\/piscinebluedesign33.fr\/#website\"},\"datePublished\":\"2024-05-06T15:03:24+00:00\",\"dateModified\":\"2024-05-08T12:18:15+00:00\",\"description\":\"Cliquez ici pour contacter Piscine Blue Design de Bordeaux pour votre projet de piscine, r\u00e9novation, terrasse et terrassement.\",\"breadcrumb\":{\"@id\":\"https:\/\/piscinebluedesign33.fr\/index.php\/contact\/#breadcrumb\"},\"inLanguage\":\"fr-FR\",\"potentialAction\":[{\"@type\":\"ReadAction\",\"target\":[\"https:\/\/piscinebluedesign33.fr\/index.php\/contact\/\"]}]},{\"@type\":\"BreadcrumbList\",\"@id\":\"https:\/\/piscinebluedesign33.fr\/index.php\/contact\/#breadcrumb\",\"itemListElement\":[{\"@type\":\"ListItem\",\"position\":1,\"name\":\"Accueil\",\"item\":\"https:\/\/piscinebluedesign33.fr\/\"},{\"@type\":\"ListItem\",\"position\":2,\"name\":\"Contact\"}]},{\"@type\":\"WebSite\",\"@id\":\"https:\/\/piscinebluedesign33.fr\/#website\",\"url\":\"https:\/\/piscinebluedesign33.fr\/\",\"name\":\"Piscine Blue Design\",\"description\":\"\",\"publisher\":{\"@id\":\"https:\/\/piscinebluedesign33.fr\/#organization\"},\"potentialAction\":[{\"@type\":\"SearchAction\",\"target\":{\"@type\":\"EntryPoint\",\"urlTemplate\":\"https:\/\/piscinebluedesign33.fr\/?s={search_term_string}\"},\"query-input\":\"required name=search_term_string\"}],\"inLanguage\":\"fr-FR\"},{\"@type\":\"Organization\",\"@id\":\"https:\/\/piscinebluedesign33.fr\/#organization\",\"name\":\"Piscine Blue Design\",\"url\":\"https:\/\/piscinebluedesign33.fr\/\",\"logo\":{\"@type\":\"ImageObject\",\"inLanguage\":\"fr-FR\",\"@id\":\"https:\/\/piscinebluedesign33.fr\/#\/schema\/logo\/image\/\",\"url\":\"https:\/\/piscinebluedesign33.fr\/wp-content\/uploads\/2024\/05\/Logo-PBD.png.jpg\",\"contentUrl\":\"https:\/\/piscinebluedesign33.fr\/wp-content\/uploads\/2024\/05\/Logo-PBD.png.jpg\",\"width\":335,\"height\":112,\"caption\":\"Piscine Blue Design\"},\"image\":{\"@id\":\"https:\/\/piscinebluedesign33.fr\/#\/schema\/logo\/image\/\"},\"sameAs\":[\"https:\/\/www.facebook.com\/piscinebluedesign\",\"https:\/\/www.instagram.com\/piscinebluedesign33\/\"]}]}<\/script>\n<!-- \/ Yoast SEO plugin. -->","yoast_head_json":{"title":"Piscine Blue Design Bordeaux","description":"Cliquez ici pour contacter Piscine Blue Design de Bordeaux pour votre projet de piscine, r\u00e9novation, terrasse et terrassement.","robots":{"index":"index","follow":"follow","max-snippet":"max-snippet:-1","max-image-preview":"max-image-preview:large","max-video-preview":"max-video-preview:-1"},"canonical":"https:\/\/piscinebluedesign33.fr\/index.php\/contact\/","og_locale":"fr_FR","og_type":"article","og_title":"Piscine Blue Design Bordeaux","og_description":"Cliquez ici pour contacter Piscine Blue Design de Bordeaux pour votre projet de piscine, r\u00e9novation, terrasse et terrassement.","og_url":"https:\/\/piscinebluedesign33.fr\/index.php\/contact\/","og_site_name":"Piscine Blue Design","article_publisher":"https:\/\/www.facebook.com\/piscinebluedesign","article_modified_time":"2024-05-08T12:18:15+00:00","twitter_card":"summary_large_image","twitter_misc":{"Dur\u00e9e de lecture estim\u00e9e":"1 minute"},"schema":{"@context":"https:\/\/schema.org","@graph":[{"@type":"WebPage","@id":"https:\/\/piscinebluedesign33.fr\/index.php\/contact\/","url":"https:\/\/piscinebluedesign33.fr\/index.php\/contact\/","name":"Piscine Blue Design Bordeaux","isPartOf":{"@id":"https:\/\/piscinebluedesign33.fr\/#website"},"datePublished":"2024-05-06T15:03:24+00:00","dateModified":"2024-05-08T12:18:15+00:00","description":"Cliquez ici pour contacter Piscine Blue Design de Bordeaux pour votre projet de piscine, r\u00e9novation, terrasse et terrassement.","breadcrumb":{"@id":"https:\/\/piscinebluedesign33.fr\/index.php\/contact\/#breadcrumb"},"inLanguage":"fr-FR","potentialAction":[{"@type":"ReadAction","target":["https:\/\/piscinebluedesign33.fr\/index.php\/contact\/"]}]},{"@type":"BreadcrumbList","@id":"https:\/\/piscinebluedesign33.fr\/index.php\/contact\/#breadcrumb","itemListElement":[{"@type":"ListItem","position":1,"name":"Accueil","item":"https:\/\/piscinebluedesign33.fr\/"},{"@type":"ListItem","position":2,"name":"Contact"}]},{"@type":"WebSite","@id":"https:\/\/piscinebluedesign33.fr\/#website","url":"https:\/\/piscinebluedesign33.fr\/","name":"Piscine Blue Design","description":"","publisher":{"@id":"https:\/\/piscinebluedesign33.fr\/#organization"},"potentialAction":[{"@type":"SearchAction","target":{"@type":"EntryPoint","urlTemplate":"https:\/\/piscinebluedesign33.fr\/?s={search_term_string}"},"query-input":"required name=search_term_string"}],"inLanguage":"fr-FR"},{"@type":"Organization","@id":"https:\/\/piscinebluedesign33.fr\/#organization","name":"Piscine Blue Design","url":"https:\/\/piscinebluedesign33.fr\/","logo":{"@type":"ImageObject","inLanguage":"fr-FR","@id":"https:\/\/piscinebluedesign33.fr\/#\/schema\/logo\/image\/","url":"https:\/\/piscinebluedesign33.fr\/wp-content\/uploads\/2024\/05\/Logo-PBD.png.jpg","contentUrl":"https:\/\/piscinebluedesign33.fr\/wp-content\/uploads\/2024\/05\/Logo-PBD.png.jpg","width":335,"height":112,"caption":"Piscine Blue Design"},"image":{"@id":"https:\/\/piscinebluedesign33.fr\/#\/schema\/logo\/image\/"},"sameAs":["https:\/\/www.facebook.com\/piscinebluedesign","https:\/\/www.instagram.com\/piscinebluedesign33\/"]}]}},"_links":{"self":[{"href":"https:\/\/piscinebluedesign33.fr\/index.php\/wp-json\/wp\/v2\/pages\/282","targetHints":{"allow":["GET"]}}],"collection":[{"href":"https:\/\/piscinebluedesign33.fr\/index.php\/wp-json\/wp\/v2\/pages"}],"about":[{"href":"https:\/\/piscinebluedesign33.fr\/index.php\/wp-json\/wp\/v2\/types\/page"}],"author":[{"embeddable":true,"href":"https:\/\/piscinebluedesign33.fr\/index.php\/wp-json\/wp\/v2\/users\/1"}],"replies":[{"embeddable":true,"href":"https:\/\/piscinebluedesign33.fr\/index.php\/wp-json\/wp\/v2\/comments?post=282"}],"version-history":[{"count":14,"href":"https:\/\/piscinebluedesign33.fr\/index.php\/wp-json\/wp\/v2\/pages\/282\/revisions"}],"predecessor-version":[{"id":313,"href":"https:\/\/piscinebluedesign33.fr\/index.php\/wp-json\/wp\/v2\/pages\/282\/revisions\/313"}],"wp:attachment":[{"href":"https:\/\/piscinebluedesign33.fr\/index.php\/wp-json\/wp\/v2\/media?parent=282"}],"curies":[{"name":"wp","href":"https:\/\/api.w.org\/{rel}","templated":true}]}}