{"id":23,"date":"2024-05-04T18:28:33","date_gmt":"2024-05-04T16:28:33","guid":{"rendered":"https:\/\/piscinebluedesign33.fr\/?page_id=23"},"modified":"2024-05-09T17:53:05","modified_gmt":"2024-05-09T15:53:05","slug":"piscine-enterree-ou-semi-enterree","status":"publish","type":"page","link":"https:\/\/piscinebluedesign33.fr\/index.php\/piscine-enterree-ou-semi-enterree\/","title":{"rendered":"Piscine"},"content":{"rendered":"\t\t<div data-elementor-type=\"wp-page\" data-elementor-id=\"23\" class=\"elementor elementor-23\">\n\t\t\t\t<div class=\"elementor-element elementor-element-72d9c494 e-flex e-con-boxed e-con e-parent\" data-id=\"72d9c494\" data-element_type=\"container\">\n\t\t\t\t\t<div class=\"e-con-inner\">\n\t\t\t\t<div class=\"elementor-element elementor-element-031f2e1 elementor-widget elementor-widget-heading\" data-id=\"031f2e1\" data-element_type=\"widget\" data-widget_type=\"heading.default\">\n\t\t\t\t<div class=\"elementor-widget-container\">\n\t\t\t<style>\/*! elementor - v3.21.0 - 30-04-2024 *\/\n.elementor-heading-title{padding:0;margin:0;line-height:1}.elementor-widget-heading .elementor-heading-title[class*=elementor-size-]>a{color:inherit;font-size:inherit;line-height:inherit}.elementor-widget-heading .elementor-heading-title.elementor-size-small{font-size:15px}.elementor-widget-heading .elementor-heading-title.elementor-size-medium{font-size:19px}.elementor-widget-heading .elementor-heading-title.elementor-size-large{font-size:29px}.elementor-widget-heading .elementor-heading-title.elementor-size-xl{font-size:39px}.elementor-widget-heading .elementor-heading-title.elementor-size-xxl{font-size:59px}<\/style><h2 class=\"elementor-heading-title elementor-size-default\">R\u00e9alisez votre projet de piscine selon vos envies<\/h2>\t\t<\/div>\n\t\t\t\t<\/div>\n\t\t\t\t<div class=\"elementor-element elementor-element-c4c7ccb elementor-widget elementor-widget-image\" data-id=\"c4c7ccb\" data-element_type=\"widget\" data-widget_type=\"image.default\">\n\t\t\t\t<div class=\"elementor-widget-container\">\n\t\t\t<style>\/*! elementor - v3.21.0 - 30-04-2024 *\/\n.elementor-widget-image{text-align:center}.elementor-widget-image a{display:inline-block}.elementor-widget-image a img[src$=\".svg\"]{width:48px}.elementor-widget-image img{vertical-align:middle;display:inline-block}<\/style>\t\t\t\t\t\t\t\t\t\t<img fetchpriority=\"high\" decoding=\"async\" width=\"800\" height=\"450\" src=\"https:\/\/piscinebluedesign33.fr\/wp-content\/uploads\/2024\/05\/IMG_6024-800x450.jpg\" class=\"attachment-ocean-thumb-ml size-ocean-thumb-ml wp-image-30\" alt=\"\" \/>\t\t\t\t\t\t\t\t\t\t\t\t\t<\/div>\n\t\t\t\t<\/div>\n\t\t\t\t<div class=\"elementor-element elementor-element-301e632c elementor-widget elementor-widget-text-editor\" data-id=\"301e632c\" data-element_type=\"widget\" data-widget_type=\"text-editor.default\">\n\t\t\t\t<div class=\"elementor-widget-container\">\n\t\t\t<style>\/*! elementor - v3.21.0 - 30-04-2024 *\/\n.elementor-widget-text-editor.elementor-drop-cap-view-stacked .elementor-drop-cap{background-color:#69727d;color:#fff}.elementor-widget-text-editor.elementor-drop-cap-view-framed .elementor-drop-cap{color:#69727d;border:3px solid;background-color:transparent}.elementor-widget-text-editor:not(.elementor-drop-cap-view-default) .elementor-drop-cap{margin-top:8px}.elementor-widget-text-editor:not(.elementor-drop-cap-view-default) .elementor-drop-cap-letter{width:1em;height:1em}.elementor-widget-text-editor .elementor-drop-cap{float:left;text-align:center;line-height:1;font-size:50px}.elementor-widget-text-editor .elementor-drop-cap-letter{display:inline-block}<\/style>\t\t\t\t<!-- wp:image {\"id\":30,\"sizeSlug\":\"large\",\"linkDestination\":\"none\",\"className\":\"is-style-default\"} -->\n<figure class=\"wp-block-image size-large is-style-default\">Piscine Blue Design est \u00e0 votre disposition pour \u00e9tudier votre projet de piscine enterr\u00e9e ou semi enterr\u00e9e.<\/figure>\n<!-- \/wp:image --><!-- wp:paragraph --><!-- \/wp:paragraph --><!-- wp:paragraph -->\n<p>Les piscines propos\u00e9es r\u00e9pondent aux normes techniques en vigueur et \u00e0 toutes vos exigences, en tenant compte de votre budget et des caract\u00e9ristiques de votre terrain.<\/p>\n<p>Piscine Blue Design peut prendre en charge :<\/p>\n<ul>\n<li>la construction enti\u00e8re de votre piscine, depuis l&rsquo;\u00e9tude du projet jusqu&rsquo;\u00e0 sa r\u00e9alisation finale,<\/li>\n<li>uniquement le terrassement,<\/li>\n<li>uniquement les finitions de votre piscine ma\u00e7onn\u00e9e (pose du liner, mise en place du local technique, pose d\u2019accessoires).<\/li>\n<\/ul>\n<!-- \/wp:paragraph --><!-- wp:paragraph -->\n<p>Diff\u00e9rentes options sont envisageables avec une piscine fond plat, fond pyramide, fond compos\u00e9&#8230;<\/p>\n<!-- \/wp:paragraph --><!-- wp:paragraph -->\n<p>Intervention sur toute la Gironde.<\/p>\n<div class=\"wp-block-columns\">\n<div class=\"wp-block-column\" style=\"flex-basis: 100%;\">\n<div class=\"wp-block-group\"><!-- \/wp:paragraph --><!-- wp:image {\"id\":31,\"sizeSlug\":\"large\",\"linkDestination\":\"none\"} -->\n<figure class=\"wp-block-image size-large\"><\/figure>\n<\/div>\n<!-- \/wp:group --><\/div>\n<!-- \/wp:column --><\/div>\n<!-- \/wp:columns --><!-- wp:paragraph --><!-- \/wp:paragraph -->\t\t\t\t\t\t<\/div>\n\t\t\t\t<\/div>\n\t\t\t\t<div class=\"elementor-element elementor-element-db32f44 elementor-widget elementor-widget-image\" data-id=\"db32f44\" data-element_type=\"widget\" data-widget_type=\"image.default\">\n\t\t\t\t<div class=\"elementor-widget-container\">\n\t\t\t\t\t\t\t\t\t\t\t\t\t<img decoding=\"async\" width=\"800\" height=\"450\" src=\"https:\/\/piscinebluedesign33.fr\/wp-content\/uploads\/2024\/05\/IMG_0799-1-scaled-e1715269952517-800x450.jpg\" class=\"attachment-ocean-thumb-ml size-ocean-thumb-ml wp-image-31\" alt=\"\" \/>\t\t\t\t\t\t\t\t\t\t\t\t\t<\/div>\n\t\t\t\t<\/div>\n\t\t\t\t\t<\/div>\n\t\t\t\t<\/div>\n\t\t<div class=\"elementor-element elementor-element-7906d25 e-flex e-con-boxed e-con e-parent\" data-id=\"7906d25\" data-element_type=\"container\">\n\t\t\t\t\t<div class=\"e-con-inner\">\n\t\t\t\t<div class=\"elementor-element elementor-element-3200d10 elementor-align-center elementor-widget elementor-widget-button\" data-id=\"3200d10\" data-element_type=\"widget\" data-widget_type=\"button.default\">\n\t\t\t\t<div class=\"elementor-widget-container\">\n\t\t\t\t\t<div class=\"elementor-button-wrapper\">\n\t\t\t<a class=\"elementor-button elementor-button-link elementor-size-sm\" href=\"https:\/\/piscinebluedesign33.fr\/index.php\/contact\/\" target=\"_blank\">\n\t\t\t\t\t\t<span class=\"elementor-button-content-wrapper\">\n\t\t\t\t\t\t\t\t\t<span class=\"elementor-button-text\">Cliquez ici pour \u00e9changer sur votre projet<\/span>\n\t\t\t\t\t<\/span>\n\t\t\t\t\t<\/a>\n\t\t<\/div>\n\t\t\t\t<\/div>\n\t\t\t\t<\/div>\n\t\t\t\t\t<\/div>\n\t\t\t\t<\/div>\n\t\t\t\t<\/div>\n\t\t","protected":false},"excerpt":{"rendered":"<p>R\u00e9alisez votre projet de piscine selon vos envies Les piscines propos\u00e9es r\u00e9pondent aux normes techniques en vigueur et \u00e0 toutes vos exigences, en tenant compte de votre budget et des caract\u00e9ristiques de votre terrain. Piscine Blue Design peut prendre en charge : la construction enti\u00e8re de votre piscine, depuis l&rsquo;\u00e9tude du projet jusqu&rsquo;\u00e0 sa r\u00e9alisation [&hellip;]<\/p>\n","protected":false},"author":1,"featured_media":0,"parent":0,"menu_order":0,"comment_status":"closed","ping_status":"closed","template":"elementor_header_footer","meta":{"footnotes":""},"class_list":["post-23","page","type-page","status-publish","hentry","entry"],"yoast_head":"<!-- This site is optimized with the Yoast SEO plugin v22.6 - https:\/\/yoast.com\/wordpress\/plugins\/seo\/ -->\n<title>Piscine<\/title>\n<meta name=\"description\" content=\"Piscine Blue Design est \u00e0 votre \u00e9coute pour vous proposer la conception de tout type de piscines enterr\u00e9e ou semi enterr\u00e9e.\" \/>\n<meta name=\"robots\" content=\"index, follow, max-snippet:-1, max-image-preview:large, max-video-preview:-1\" \/>\n<link rel=\"canonical\" href=\"https:\/\/piscinebluedesign33.fr\/index.php\/piscine-enterree-ou-semi-enterree\/\" \/>\n<meta property=\"og:locale\" content=\"fr_FR\" \/>\n<meta property=\"og:type\" content=\"article\" \/>\n<meta property=\"og:title\" content=\"Piscine\" \/>\n<meta property=\"og:description\" content=\"Piscine Blue Design est \u00e0 votre \u00e9coute pour vous proposer la conception de tout type de piscines enterr\u00e9e ou semi enterr\u00e9e.\" \/>\n<meta property=\"og:url\" content=\"https:\/\/piscinebluedesign33.fr\/index.php\/piscine-enterree-ou-semi-enterree\/\" \/>\n<meta property=\"og:site_name\" content=\"Piscine Blue Design\" \/>\n<meta property=\"article:publisher\" content=\"https:\/\/www.facebook.com\/piscinebluedesign\" \/>\n<meta property=\"article:modified_time\" content=\"2024-05-09T15:53:05+00:00\" \/>\n<meta property=\"og:image\" content=\"https:\/\/piscinebluedesign33.fr\/wp-content\/uploads\/2024\/05\/IMG_6024-800x450.jpg\" \/>\n<meta name=\"twitter:card\" content=\"summary_large_image\" \/>\n<meta name=\"twitter:label1\" content=\"Dur\u00e9e de lecture estim\u00e9e\" \/>\n\t<meta name=\"twitter:data1\" content=\"1 minute\" \/>\n<script type=\"application\/ld+json\" class=\"yoast-schema-graph\">{\"@context\":\"https:\/\/schema.org\",\"@graph\":[{\"@type\":\"WebPage\",\"@id\":\"https:\/\/piscinebluedesign33.fr\/index.php\/piscine-enterree-ou-semi-enterree\/\",\"url\":\"https:\/\/piscinebluedesign33.fr\/index.php\/piscine-enterree-ou-semi-enterree\/\",\"name\":\"Piscine\",\"isPartOf\":{\"@id\":\"https:\/\/piscinebluedesign33.fr\/#website\"},\"primaryImageOfPage\":{\"@id\":\"https:\/\/piscinebluedesign33.fr\/index.php\/piscine-enterree-ou-semi-enterree\/#primaryimage\"},\"image\":{\"@id\":\"https:\/\/piscinebluedesign33.fr\/index.php\/piscine-enterree-ou-semi-enterree\/#primaryimage\"},\"thumbnailUrl\":\"https:\/\/piscinebluedesign33.fr\/wp-content\/uploads\/2024\/05\/IMG_6024-800x450.jpg\",\"datePublished\":\"2024-05-04T16:28:33+00:00\",\"dateModified\":\"2024-05-09T15:53:05+00:00\",\"description\":\"Piscine Blue Design est \u00e0 votre \u00e9coute pour vous proposer la conception de tout type de piscines enterr\u00e9e ou semi enterr\u00e9e.\",\"breadcrumb\":{\"@id\":\"https:\/\/piscinebluedesign33.fr\/index.php\/piscine-enterree-ou-semi-enterree\/#breadcrumb\"},\"inLanguage\":\"fr-FR\",\"potentialAction\":[{\"@type\":\"ReadAction\",\"target\":[\"https:\/\/piscinebluedesign33.fr\/index.php\/piscine-enterree-ou-semi-enterree\/\"]}]},{\"@type\":\"ImageObject\",\"inLanguage\":\"fr-FR\",\"@id\":\"https:\/\/piscinebluedesign33.fr\/index.php\/piscine-enterree-ou-semi-enterree\/#primaryimage\",\"url\":\"https:\/\/piscinebluedesign33.fr\/wp-content\/uploads\/2024\/05\/IMG_6024-scaled.jpg\",\"contentUrl\":\"https:\/\/piscinebluedesign33.fr\/wp-content\/uploads\/2024\/05\/IMG_6024-scaled.jpg\",\"width\":2560,\"height\":1920},{\"@type\":\"BreadcrumbList\",\"@id\":\"https:\/\/piscinebluedesign33.fr\/index.php\/piscine-enterree-ou-semi-enterree\/#breadcrumb\",\"itemListElement\":[{\"@type\":\"ListItem\",\"position\":1,\"name\":\"Accueil\",\"item\":\"https:\/\/piscinebluedesign33.fr\/\"},{\"@type\":\"ListItem\",\"position\":2,\"name\":\"Piscine\"}]},{\"@type\":\"WebSite\",\"@id\":\"https:\/\/piscinebluedesign33.fr\/#website\",\"url\":\"https:\/\/piscinebluedesign33.fr\/\",\"name\":\"Piscine Blue Design\",\"description\":\"\",\"publisher\":{\"@id\":\"https:\/\/piscinebluedesign33.fr\/#organization\"},\"potentialAction\":[{\"@type\":\"SearchAction\",\"target\":{\"@type\":\"EntryPoint\",\"urlTemplate\":\"https:\/\/piscinebluedesign33.fr\/?s={search_term_string}\"},\"query-input\":\"required name=search_term_string\"}],\"inLanguage\":\"fr-FR\"},{\"@type\":\"Organization\",\"@id\":\"https:\/\/piscinebluedesign33.fr\/#organization\",\"name\":\"Piscine Blue Design\",\"url\":\"https:\/\/piscinebluedesign33.fr\/\",\"logo\":{\"@type\":\"ImageObject\",\"inLanguage\":\"fr-FR\",\"@id\":\"https:\/\/piscinebluedesign33.fr\/#\/schema\/logo\/image\/\",\"url\":\"https:\/\/piscinebluedesign33.fr\/wp-content\/uploads\/2024\/05\/Logo-PBD.png.jpg\",\"contentUrl\":\"https:\/\/piscinebluedesign33.fr\/wp-content\/uploads\/2024\/05\/Logo-PBD.png.jpg\",\"width\":335,\"height\":112,\"caption\":\"Piscine Blue Design\"},\"image\":{\"@id\":\"https:\/\/piscinebluedesign33.fr\/#\/schema\/logo\/image\/\"},\"sameAs\":[\"https:\/\/www.facebook.com\/piscinebluedesign\",\"https:\/\/www.instagram.com\/piscinebluedesign33\/\"]}]}<\/script>\n<!-- \/ Yoast SEO plugin. -->","yoast_head_json":{"title":"Piscine","description":"Piscine Blue Design est \u00e0 votre \u00e9coute pour vous proposer la conception de tout type de piscines enterr\u00e9e ou semi enterr\u00e9e.","robots":{"index":"index","follow":"follow","max-snippet":"max-snippet:-1","max-image-preview":"max-image-preview:large","max-video-preview":"max-video-preview:-1"},"canonical":"https:\/\/piscinebluedesign33.fr\/index.php\/piscine-enterree-ou-semi-enterree\/","og_locale":"fr_FR","og_type":"article","og_title":"Piscine","og_description":"Piscine Blue Design est \u00e0 votre \u00e9coute pour vous proposer la conception de tout type de piscines enterr\u00e9e ou semi enterr\u00e9e.","og_url":"https:\/\/piscinebluedesign33.fr\/index.php\/piscine-enterree-ou-semi-enterree\/","og_site_name":"Piscine Blue Design","article_publisher":"https:\/\/www.facebook.com\/piscinebluedesign","article_modified_time":"2024-05-09T15:53:05+00:00","og_image":[{"url":"https:\/\/piscinebluedesign33.fr\/wp-content\/uploads\/2024\/05\/IMG_6024-800x450.jpg"}],"twitter_card":"summary_large_image","twitter_misc":{"Dur\u00e9e de lecture estim\u00e9e":"1 minute"},"schema":{"@context":"https:\/\/schema.org","@graph":[{"@type":"WebPage","@id":"https:\/\/piscinebluedesign33.fr\/index.php\/piscine-enterree-ou-semi-enterree\/","url":"https:\/\/piscinebluedesign33.fr\/index.php\/piscine-enterree-ou-semi-enterree\/","name":"Piscine","isPartOf":{"@id":"https:\/\/piscinebluedesign33.fr\/#website"},"primaryImageOfPage":{"@id":"https:\/\/piscinebluedesign33.fr\/index.php\/piscine-enterree-ou-semi-enterree\/#primaryimage"},"image":{"@id":"https:\/\/piscinebluedesign33.fr\/index.php\/piscine-enterree-ou-semi-enterree\/#primaryimage"},"thumbnailUrl":"https:\/\/piscinebluedesign33.fr\/wp-content\/uploads\/2024\/05\/IMG_6024-800x450.jpg","datePublished":"2024-05-04T16:28:33+00:00","dateModified":"2024-05-09T15:53:05+00:00","description":"Piscine Blue Design est \u00e0 votre \u00e9coute pour vous proposer la conception de tout type de piscines enterr\u00e9e ou semi enterr\u00e9e.","breadcrumb":{"@id":"https:\/\/piscinebluedesign33.fr\/index.php\/piscine-enterree-ou-semi-enterree\/#breadcrumb"},"inLanguage":"fr-FR","potentialAction":[{"@type":"ReadAction","target":["https:\/\/piscinebluedesign33.fr\/index.php\/piscine-enterree-ou-semi-enterree\/"]}]},{"@type":"ImageObject","inLanguage":"fr-FR","@id":"https:\/\/piscinebluedesign33.fr\/index.php\/piscine-enterree-ou-semi-enterree\/#primaryimage","url":"https:\/\/piscinebluedesign33.fr\/wp-content\/uploads\/2024\/05\/IMG_6024-scaled.jpg","contentUrl":"https:\/\/piscinebluedesign33.fr\/wp-content\/uploads\/2024\/05\/IMG_6024-scaled.jpg","width":2560,"height":1920},{"@type":"BreadcrumbList","@id":"https:\/\/piscinebluedesign33.fr\/index.php\/piscine-enterree-ou-semi-enterree\/#breadcrumb","itemListElement":[{"@type":"ListItem","position":1,"name":"Accueil","item":"https:\/\/piscinebluedesign33.fr\/"},{"@type":"ListItem","position":2,"name":"Piscine"}]},{"@type":"WebSite","@id":"https:\/\/piscinebluedesign33.fr\/#website","url":"https:\/\/piscinebluedesign33.fr\/","name":"Piscine Blue Design","description":"","publisher":{"@id":"https:\/\/piscinebluedesign33.fr\/#organization"},"potentialAction":[{"@type":"SearchAction","target":{"@type":"EntryPoint","urlTemplate":"https:\/\/piscinebluedesign33.fr\/?s={search_term_string}"},"query-input":"required name=search_term_string"}],"inLanguage":"fr-FR"},{"@type":"Organization","@id":"https:\/\/piscinebluedesign33.fr\/#organization","name":"Piscine Blue Design","url":"https:\/\/piscinebluedesign33.fr\/","logo":{"@type":"ImageObject","inLanguage":"fr-FR","@id":"https:\/\/piscinebluedesign33.fr\/#\/schema\/logo\/image\/","url":"https:\/\/piscinebluedesign33.fr\/wp-content\/uploads\/2024\/05\/Logo-PBD.png.jpg","contentUrl":"https:\/\/piscinebluedesign33.fr\/wp-content\/uploads\/2024\/05\/Logo-PBD.png.jpg","width":335,"height":112,"caption":"Piscine Blue Design"},"image":{"@id":"https:\/\/piscinebluedesign33.fr\/#\/schema\/logo\/image\/"},"sameAs":["https:\/\/www.facebook.com\/piscinebluedesign","https:\/\/www.instagram.com\/piscinebluedesign33\/"]}]}},"_links":{"self":[{"href":"https:\/\/piscinebluedesign33.fr\/index.php\/wp-json\/wp\/v2\/pages\/23","targetHints":{"allow":["GET"]}}],"collection":[{"href":"https:\/\/piscinebluedesign33.fr\/index.php\/wp-json\/wp\/v2\/pages"}],"about":[{"href":"https:\/\/piscinebluedesign33.fr\/index.php\/wp-json\/wp\/v2\/types\/page"}],"author":[{"embeddable":true,"href":"https:\/\/piscinebluedesign33.fr\/index.php\/wp-json\/wp\/v2\/users\/1"}],"replies":[{"embeddable":true,"href":"https:\/\/piscinebluedesign33.fr\/index.php\/wp-json\/wp\/v2\/comments?post=23"}],"version-history":[{"count":43,"href":"https:\/\/piscinebluedesign33.fr\/index.php\/wp-json\/wp\/v2\/pages\/23\/revisions"}],"predecessor-version":[{"id":438,"href":"https:\/\/piscinebluedesign33.fr\/index.php\/wp-json\/wp\/v2\/pages\/23\/revisions\/438"}],"wp:attachment":[{"href":"https:\/\/piscinebluedesign33.fr\/index.php\/wp-json\/wp\/v2\/media?parent=23"}],"curies":[{"name":"wp","href":"https:\/\/api.w.org\/{rel}","templated":true}]}}