{"id":164,"date":"2024-05-05T18:22:26","date_gmt":"2024-05-05T16:22:26","guid":{"rendered":"https:\/\/piscinebluedesign33.fr\/?page_id=164"},"modified":"2024-05-09T18:24:50","modified_gmt":"2024-05-09T16:24:50","slug":"terrassement","status":"publish","type":"page","link":"https:\/\/piscinebluedesign33.fr\/index.php\/terrassement\/","title":{"rendered":"Terrassement"},"content":{"rendered":"\t\t<div data-elementor-type=\"wp-page\" data-elementor-id=\"164\" class=\"elementor elementor-164\">\n\t\t\t\t<div class=\"elementor-element elementor-element-27928f4 e-flex e-con-boxed e-con e-parent\" data-id=\"27928f4\" data-element_type=\"container\">\n\t\t\t\t\t<div class=\"e-con-inner\">\n\t\t\t\t<div class=\"elementor-element elementor-element-7d12762 elementor-widget elementor-widget-text-editor\" data-id=\"7d12762\" data-element_type=\"widget\" data-widget_type=\"text-editor.default\">\n\t\t\t\t<div class=\"elementor-widget-container\">\n\t\t\t<style>\/*! elementor - v3.21.0 - 30-04-2024 *\/\n.elementor-widget-text-editor.elementor-drop-cap-view-stacked .elementor-drop-cap{background-color:#69727d;color:#fff}.elementor-widget-text-editor.elementor-drop-cap-view-framed .elementor-drop-cap{color:#69727d;border:3px solid;background-color:transparent}.elementor-widget-text-editor:not(.elementor-drop-cap-view-default) .elementor-drop-cap{margin-top:8px}.elementor-widget-text-editor:not(.elementor-drop-cap-view-default) .elementor-drop-cap-letter{width:1em;height:1em}.elementor-widget-text-editor .elementor-drop-cap{float:left;text-align:center;line-height:1;font-size:50px}.elementor-widget-text-editor .elementor-drop-cap-letter{display:inline-block}<\/style>\t\t\t\t<p>Piscine Blue Design vous propose de r\u00e9aliser le terrassement de votre piscine avec ou sans \u00e9vacuation.<\/p><p>Philippe Barbe peut effectuer seulement le trou de votre piscine avec ou sans \u00e9vacuation des terres ou ex\u00e9cuter le projet dans sa totalit\u00e9 (trou et mise en place d&rsquo;une piscine).<\/p><p>Equip\u00e9 d&rsquo;une mini pelle Bobcat 2,7 tonnes, Philippe Barbe pourra acc\u00e9der \u00e0 votre terrain poss\u00e9dant un acc\u00e8s minimum de 1.60 m.<\/p><p>N&rsquo;h\u00e9sitez pas \u00e0 contacter Piscine Blue Design en cas d&rsquo;acc\u00e8s plus restreint pour une \u00e9tude.<\/p>\t\t\t\t\t\t<\/div>\n\t\t\t\t<\/div>\n\t\t\t\t\t<\/div>\n\t\t\t\t<\/div>\n\t\t<div class=\"elementor-element elementor-element-82676d6 e-grid e-con-boxed e-con e-parent\" data-id=\"82676d6\" data-element_type=\"container\">\n\t\t\t\t\t<div class=\"e-con-inner\">\n\t\t<div class=\"elementor-element elementor-element-ddf5fb6 e-grid e-con-boxed e-con e-child\" data-id=\"ddf5fb6\" data-element_type=\"container\">\n\t\t\t\t\t<div class=\"e-con-inner\">\n\t\t\t\t<div class=\"elementor-element elementor-element-10a0e08 elementor-widget elementor-widget-image\" data-id=\"10a0e08\" data-element_type=\"widget\" data-widget_type=\"image.default\">\n\t\t\t\t<div class=\"elementor-widget-container\">\n\t\t\t<style>\/*! elementor - v3.21.0 - 30-04-2024 *\/\n.elementor-widget-image{text-align:center}.elementor-widget-image a{display:inline-block}.elementor-widget-image a img[src$=\".svg\"]{width:48px}.elementor-widget-image img{vertical-align:middle;display:inline-block}<\/style>\t\t\t\t\t\t\t\t\t\t<img fetchpriority=\"high\" decoding=\"async\" width=\"600\" height=\"600\" src=\"https:\/\/piscinebluedesign33.fr\/wp-content\/uploads\/2024\/05\/IMG_6081-1-600x600.jpg\" class=\"attachment-ocean-thumb-m size-ocean-thumb-m wp-image-169\" alt=\"\" srcset=\"https:\/\/piscinebluedesign33.fr\/wp-content\/uploads\/2024\/05\/IMG_6081-1-600x600.jpg 600w, https:\/\/piscinebluedesign33.fr\/wp-content\/uploads\/2024\/05\/IMG_6081-1-150x150.jpg 150w\" sizes=\"(max-width: 600px) 100vw, 600px\" \/>\t\t\t\t\t\t\t\t\t\t\t\t\t<\/div>\n\t\t\t\t<\/div>\n\t\t\t\t\t<\/div>\n\t\t\t\t<\/div>\n\t\t\t\t<div class=\"elementor-element elementor-element-7c6a5fd elementor-widget elementor-widget-image\" data-id=\"7c6a5fd\" data-element_type=\"widget\" data-widget_type=\"image.default\">\n\t\t\t\t<div class=\"elementor-widget-container\">\n\t\t\t\t\t\t\t\t\t\t\t\t\t<img decoding=\"async\" width=\"600\" height=\"600\" src=\"https:\/\/piscinebluedesign33.fr\/wp-content\/uploads\/2024\/05\/IMG_6381-1-600x600.jpg\" class=\"attachment-ocean-thumb-m size-ocean-thumb-m wp-image-442\" alt=\"\" srcset=\"https:\/\/piscinebluedesign33.fr\/wp-content\/uploads\/2024\/05\/IMG_6381-1-600x600.jpg 600w, https:\/\/piscinebluedesign33.fr\/wp-content\/uploads\/2024\/05\/IMG_6381-1-150x150.jpg 150w\" sizes=\"(max-width: 600px) 100vw, 600px\" \/>\t\t\t\t\t\t\t\t\t\t\t\t\t<\/div>\n\t\t\t\t<\/div>\n\t\t\t\t\t<\/div>\n\t\t\t\t<\/div>\n\t\t<div class=\"elementor-element elementor-element-58e1730 e-flex e-con-boxed e-con e-parent\" data-id=\"58e1730\" data-element_type=\"container\">\n\t\t\t\t\t<div class=\"e-con-inner\">\n\t\t\t\t<div class=\"elementor-element elementor-element-1886f32 elementor-align-center elementor-widget elementor-widget-button\" data-id=\"1886f32\" data-element_type=\"widget\" data-widget_type=\"button.default\">\n\t\t\t\t<div class=\"elementor-widget-container\">\n\t\t\t\t\t<div class=\"elementor-button-wrapper\">\n\t\t\t<a class=\"elementor-button elementor-button-link elementor-size-sm\" href=\"https:\/\/piscinebluedesign33.fr\/index.php\/contact\/\" target=\"_blank\">\n\t\t\t\t\t\t<span class=\"elementor-button-content-wrapper\">\n\t\t\t\t\t\t\t\t\t<span class=\"elementor-button-text\">Cliquez ici pour nous contacter<\/span>\n\t\t\t\t\t<\/span>\n\t\t\t\t\t<\/a>\n\t\t<\/div>\n\t\t\t\t<\/div>\n\t\t\t\t<\/div>\n\t\t\t\t\t<\/div>\n\t\t\t\t<\/div>\n\t\t\t\t<\/div>\n\t\t","protected":false},"excerpt":{"rendered":"<p>Piscine Blue Design vous propose de r\u00e9aliser le terrassement de votre piscine avec ou sans \u00e9vacuation. Philippe Barbe peut effectuer seulement le trou de votre piscine avec ou sans \u00e9vacuation des terres ou ex\u00e9cuter le projet dans sa totalit\u00e9 (trou et mise en place d&rsquo;une piscine). Equip\u00e9 d&rsquo;une mini pelle Bobcat 2,7 tonnes, Philippe Barbe [&hellip;]<\/p>\n","protected":false},"author":1,"featured_media":0,"parent":0,"menu_order":0,"comment_status":"closed","ping_status":"closed","template":"elementor_header_footer","meta":{"footnotes":""},"class_list":["post-164","page","type-page","status-publish","hentry","entry"],"yoast_head":"<!-- This site is optimized with the Yoast SEO plugin v22.6 - https:\/\/yoast.com\/wordpress\/plugins\/seo\/ -->\n<title>Terrassement piscine<\/title>\n<meta name=\"description\" content=\"Cliquez ici pour contacter Piscine Blue Design pour le terrassement de votre piscine avec \u00e9vacuation ou sans \u00e9vacuation des terres.\" \/>\n<meta name=\"robots\" content=\"index, follow, max-snippet:-1, max-image-preview:large, max-video-preview:-1\" \/>\n<link rel=\"canonical\" href=\"https:\/\/piscinebluedesign33.fr\/index.php\/terrassement\/\" \/>\n<meta property=\"og:locale\" content=\"fr_FR\" \/>\n<meta property=\"og:type\" content=\"article\" \/>\n<meta property=\"og:title\" content=\"Terrassement piscine\" \/>\n<meta property=\"og:description\" content=\"Cliquez ici pour contacter Piscine Blue Design pour le terrassement de votre piscine avec \u00e9vacuation ou sans \u00e9vacuation des terres.\" \/>\n<meta property=\"og:url\" content=\"https:\/\/piscinebluedesign33.fr\/index.php\/terrassement\/\" \/>\n<meta property=\"og:site_name\" content=\"Piscine Blue Design\" \/>\n<meta property=\"article:publisher\" content=\"https:\/\/www.facebook.com\/piscinebluedesign\" \/>\n<meta property=\"article:modified_time\" content=\"2024-05-09T16:24:50+00:00\" \/>\n<meta property=\"og:image\" content=\"https:\/\/piscinebluedesign33.fr\/wp-content\/uploads\/2024\/05\/IMG_6081-1-600x600.jpg\" \/>\n<meta name=\"twitter:card\" content=\"summary_large_image\" \/>\n<meta name=\"twitter:label1\" content=\"Dur\u00e9e de lecture estim\u00e9e\" \/>\n\t<meta name=\"twitter:data1\" content=\"1 minute\" \/>\n<script type=\"application\/ld+json\" class=\"yoast-schema-graph\">{\"@context\":\"https:\/\/schema.org\",\"@graph\":[{\"@type\":\"WebPage\",\"@id\":\"https:\/\/piscinebluedesign33.fr\/index.php\/terrassement\/\",\"url\":\"https:\/\/piscinebluedesign33.fr\/index.php\/terrassement\/\",\"name\":\"Terrassement piscine\",\"isPartOf\":{\"@id\":\"https:\/\/piscinebluedesign33.fr\/#website\"},\"primaryImageOfPage\":{\"@id\":\"https:\/\/piscinebluedesign33.fr\/index.php\/terrassement\/#primaryimage\"},\"image\":{\"@id\":\"https:\/\/piscinebluedesign33.fr\/index.php\/terrassement\/#primaryimage\"},\"thumbnailUrl\":\"https:\/\/piscinebluedesign33.fr\/wp-content\/uploads\/2024\/05\/IMG_6081-1-600x600.jpg\",\"datePublished\":\"2024-05-05T16:22:26+00:00\",\"dateModified\":\"2024-05-09T16:24:50+00:00\",\"description\":\"Cliquez ici pour contacter Piscine Blue Design pour le terrassement de votre piscine avec \u00e9vacuation ou sans \u00e9vacuation des terres.\",\"breadcrumb\":{\"@id\":\"https:\/\/piscinebluedesign33.fr\/index.php\/terrassement\/#breadcrumb\"},\"inLanguage\":\"fr-FR\",\"potentialAction\":[{\"@type\":\"ReadAction\",\"target\":[\"https:\/\/piscinebluedesign33.fr\/index.php\/terrassement\/\"]}]},{\"@type\":\"ImageObject\",\"inLanguage\":\"fr-FR\",\"@id\":\"https:\/\/piscinebluedesign33.fr\/index.php\/terrassement\/#primaryimage\",\"url\":\"https:\/\/piscinebluedesign33.fr\/wp-content\/uploads\/2024\/05\/IMG_6081-1-scaled.jpg\",\"contentUrl\":\"https:\/\/piscinebluedesign33.fr\/wp-content\/uploads\/2024\/05\/IMG_6081-1-scaled.jpg\",\"width\":2560,\"height\":1526},{\"@type\":\"BreadcrumbList\",\"@id\":\"https:\/\/piscinebluedesign33.fr\/index.php\/terrassement\/#breadcrumb\",\"itemListElement\":[{\"@type\":\"ListItem\",\"position\":1,\"name\":\"Accueil\",\"item\":\"https:\/\/piscinebluedesign33.fr\/\"},{\"@type\":\"ListItem\",\"position\":2,\"name\":\"Terrassement\"}]},{\"@type\":\"WebSite\",\"@id\":\"https:\/\/piscinebluedesign33.fr\/#website\",\"url\":\"https:\/\/piscinebluedesign33.fr\/\",\"name\":\"Piscine Blue Design\",\"description\":\"\",\"publisher\":{\"@id\":\"https:\/\/piscinebluedesign33.fr\/#organization\"},\"potentialAction\":[{\"@type\":\"SearchAction\",\"target\":{\"@type\":\"EntryPoint\",\"urlTemplate\":\"https:\/\/piscinebluedesign33.fr\/?s={search_term_string}\"},\"query-input\":\"required name=search_term_string\"}],\"inLanguage\":\"fr-FR\"},{\"@type\":\"Organization\",\"@id\":\"https:\/\/piscinebluedesign33.fr\/#organization\",\"name\":\"Piscine Blue Design\",\"url\":\"https:\/\/piscinebluedesign33.fr\/\",\"logo\":{\"@type\":\"ImageObject\",\"inLanguage\":\"fr-FR\",\"@id\":\"https:\/\/piscinebluedesign33.fr\/#\/schema\/logo\/image\/\",\"url\":\"https:\/\/piscinebluedesign33.fr\/wp-content\/uploads\/2024\/05\/Logo-PBD.png.jpg\",\"contentUrl\":\"https:\/\/piscinebluedesign33.fr\/wp-content\/uploads\/2024\/05\/Logo-PBD.png.jpg\",\"width\":335,\"height\":112,\"caption\":\"Piscine Blue Design\"},\"image\":{\"@id\":\"https:\/\/piscinebluedesign33.fr\/#\/schema\/logo\/image\/\"},\"sameAs\":[\"https:\/\/www.facebook.com\/piscinebluedesign\",\"https:\/\/www.instagram.com\/piscinebluedesign33\/\"]}]}<\/script>\n<!-- \/ Yoast SEO plugin. -->","yoast_head_json":{"title":"Terrassement piscine","description":"Cliquez ici pour contacter Piscine Blue Design pour le terrassement de votre piscine avec \u00e9vacuation ou sans \u00e9vacuation des terres.","robots":{"index":"index","follow":"follow","max-snippet":"max-snippet:-1","max-image-preview":"max-image-preview:large","max-video-preview":"max-video-preview:-1"},"canonical":"https:\/\/piscinebluedesign33.fr\/index.php\/terrassement\/","og_locale":"fr_FR","og_type":"article","og_title":"Terrassement piscine","og_description":"Cliquez ici pour contacter Piscine Blue Design pour le terrassement de votre piscine avec \u00e9vacuation ou sans \u00e9vacuation des terres.","og_url":"https:\/\/piscinebluedesign33.fr\/index.php\/terrassement\/","og_site_name":"Piscine Blue Design","article_publisher":"https:\/\/www.facebook.com\/piscinebluedesign","article_modified_time":"2024-05-09T16:24:50+00:00","og_image":[{"url":"https:\/\/piscinebluedesign33.fr\/wp-content\/uploads\/2024\/05\/IMG_6081-1-600x600.jpg"}],"twitter_card":"summary_large_image","twitter_misc":{"Dur\u00e9e de lecture estim\u00e9e":"1 minute"},"schema":{"@context":"https:\/\/schema.org","@graph":[{"@type":"WebPage","@id":"https:\/\/piscinebluedesign33.fr\/index.php\/terrassement\/","url":"https:\/\/piscinebluedesign33.fr\/index.php\/terrassement\/","name":"Terrassement piscine","isPartOf":{"@id":"https:\/\/piscinebluedesign33.fr\/#website"},"primaryImageOfPage":{"@id":"https:\/\/piscinebluedesign33.fr\/index.php\/terrassement\/#primaryimage"},"image":{"@id":"https:\/\/piscinebluedesign33.fr\/index.php\/terrassement\/#primaryimage"},"thumbnailUrl":"https:\/\/piscinebluedesign33.fr\/wp-content\/uploads\/2024\/05\/IMG_6081-1-600x600.jpg","datePublished":"2024-05-05T16:22:26+00:00","dateModified":"2024-05-09T16:24:50+00:00","description":"Cliquez ici pour contacter Piscine Blue Design pour le terrassement de votre piscine avec \u00e9vacuation ou sans \u00e9vacuation des terres.","breadcrumb":{"@id":"https:\/\/piscinebluedesign33.fr\/index.php\/terrassement\/#breadcrumb"},"inLanguage":"fr-FR","potentialAction":[{"@type":"ReadAction","target":["https:\/\/piscinebluedesign33.fr\/index.php\/terrassement\/"]}]},{"@type":"ImageObject","inLanguage":"fr-FR","@id":"https:\/\/piscinebluedesign33.fr\/index.php\/terrassement\/#primaryimage","url":"https:\/\/piscinebluedesign33.fr\/wp-content\/uploads\/2024\/05\/IMG_6081-1-scaled.jpg","contentUrl":"https:\/\/piscinebluedesign33.fr\/wp-content\/uploads\/2024\/05\/IMG_6081-1-scaled.jpg","width":2560,"height":1526},{"@type":"BreadcrumbList","@id":"https:\/\/piscinebluedesign33.fr\/index.php\/terrassement\/#breadcrumb","itemListElement":[{"@type":"ListItem","position":1,"name":"Accueil","item":"https:\/\/piscinebluedesign33.fr\/"},{"@type":"ListItem","position":2,"name":"Terrassement"}]},{"@type":"WebSite","@id":"https:\/\/piscinebluedesign33.fr\/#website","url":"https:\/\/piscinebluedesign33.fr\/","name":"Piscine Blue Design","description":"","publisher":{"@id":"https:\/\/piscinebluedesign33.fr\/#organization"},"potentialAction":[{"@type":"SearchAction","target":{"@type":"EntryPoint","urlTemplate":"https:\/\/piscinebluedesign33.fr\/?s={search_term_string}"},"query-input":"required name=search_term_string"}],"inLanguage":"fr-FR"},{"@type":"Organization","@id":"https:\/\/piscinebluedesign33.fr\/#organization","name":"Piscine Blue Design","url":"https:\/\/piscinebluedesign33.fr\/","logo":{"@type":"ImageObject","inLanguage":"fr-FR","@id":"https:\/\/piscinebluedesign33.fr\/#\/schema\/logo\/image\/","url":"https:\/\/piscinebluedesign33.fr\/wp-content\/uploads\/2024\/05\/Logo-PBD.png.jpg","contentUrl":"https:\/\/piscinebluedesign33.fr\/wp-content\/uploads\/2024\/05\/Logo-PBD.png.jpg","width":335,"height":112,"caption":"Piscine Blue Design"},"image":{"@id":"https:\/\/piscinebluedesign33.fr\/#\/schema\/logo\/image\/"},"sameAs":["https:\/\/www.facebook.com\/piscinebluedesign","https:\/\/www.instagram.com\/piscinebluedesign33\/"]}]}},"_links":{"self":[{"href":"https:\/\/piscinebluedesign33.fr\/index.php\/wp-json\/wp\/v2\/pages\/164","targetHints":{"allow":["GET"]}}],"collection":[{"href":"https:\/\/piscinebluedesign33.fr\/index.php\/wp-json\/wp\/v2\/pages"}],"about":[{"href":"https:\/\/piscinebluedesign33.fr\/index.php\/wp-json\/wp\/v2\/types\/page"}],"author":[{"embeddable":true,"href":"https:\/\/piscinebluedesign33.fr\/index.php\/wp-json\/wp\/v2\/users\/1"}],"replies":[{"embeddable":true,"href":"https:\/\/piscinebluedesign33.fr\/index.php\/wp-json\/wp\/v2\/comments?post=164"}],"version-history":[{"count":18,"href":"https:\/\/piscinebluedesign33.fr\/index.php\/wp-json\/wp\/v2\/pages\/164\/revisions"}],"predecessor-version":[{"id":446,"href":"https:\/\/piscinebluedesign33.fr\/index.php\/wp-json\/wp\/v2\/pages\/164\/revisions\/446"}],"wp:attachment":[{"href":"https:\/\/piscinebluedesign33.fr\/index.php\/wp-json\/wp\/v2\/media?parent=164"}],"curies":[{"name":"wp","href":"https:\/\/api.w.org\/{rel}","templated":true}]}}