{"id":130,"date":"2024-05-05T16:34:14","date_gmt":"2024-05-05T14:34:14","guid":{"rendered":"https:\/\/piscinebluedesign33.fr\/?page_id=130"},"modified":"2024-05-09T17:44:18","modified_gmt":"2024-05-09T15:44:18","slug":"accueil","status":"publish","type":"page","link":"https:\/\/piscinebluedesign33.fr\/","title":{"rendered":"Accueil"},"content":{"rendered":"\t\t<div data-elementor-type=\"wp-page\" data-elementor-id=\"130\" class=\"elementor elementor-130\">\n\t\t\t\t<div class=\"elementor-element elementor-element-ada4da0 e-flex e-con-boxed e-con e-parent\" data-id=\"ada4da0\" data-element_type=\"container\">\n\t\t\t\t\t<div class=\"e-con-inner\">\n\t\t\t\t<div class=\"elementor-element elementor-element-70827aa elementor-widget elementor-widget-text-editor\" data-id=\"70827aa\" data-element_type=\"widget\" data-widget_type=\"text-editor.default\">\n\t\t\t\t<div class=\"elementor-widget-container\">\n\t\t\t<style>\/*! elementor - v3.21.0 - 30-04-2024 *\/\n.elementor-widget-text-editor.elementor-drop-cap-view-stacked .elementor-drop-cap{background-color:#69727d;color:#fff}.elementor-widget-text-editor.elementor-drop-cap-view-framed .elementor-drop-cap{color:#69727d;border:3px solid;background-color:transparent}.elementor-widget-text-editor:not(.elementor-drop-cap-view-default) .elementor-drop-cap{margin-top:8px}.elementor-widget-text-editor:not(.elementor-drop-cap-view-default) .elementor-drop-cap-letter{width:1em;height:1em}.elementor-widget-text-editor .elementor-drop-cap{float:left;text-align:center;line-height:1;font-size:50px}.elementor-widget-text-editor .elementor-drop-cap-letter{display:inline-block}<\/style>\t\t\t\t<p>Bienvenue chez Piscine Blue Design, sp\u00e9cialiste de la construction et de la r\u00e9novation de piscine.<\/p>\n<p>Philippe Barbe, dirigeant de la soci\u00e9t\u00e9, met ses 15 ans d&rsquo;exp\u00e9rience dans le domaine de la piscine pour vous aider \u00e0 trouver celle qui correspond au mieux \u00e0 vos attentes en tenant compte de vos contraintes tant budg\u00e9taires que techniques ainsi que le design envisag\u00e9.<\/p>\n<p><!-- \/wp:paragraph --><!-- wp:paragraph --><!-- \/wp:paragraph --><!-- wp:paragraph --><\/p>\n<p>Piscine Blue Design vous propose aussi ses services dans :<\/p>\n<ul>\n<li>les diff\u00e9rents travaux de r\u00e9novation,<\/li>\n<li>l&rsquo;am\u00e9nagement des terrasses, du style le plus traditionnel au style le plus contemporain (terrasse bois et composite et moquette de pierre)<\/li>\n<li>le terrassement.<\/li>\n<\/ul>\n<p>Intervention sur toute la Gironde : Bordeaux M\u00e9tropole, Bassin d&rsquo;Arcachon, M\u00e9doc, Langonnais&#8230;<\/p>\t\t\t\t\t\t<\/div>\n\t\t\t\t<\/div>\n\t\t\t\t<div class=\"elementor-element elementor-element-f0a003d e-transform elementor-widget elementor-widget-image\" data-id=\"f0a003d\" data-element_type=\"widget\" data-settings=\"{&quot;_transform_scale_effect&quot;:{&quot;unit&quot;:&quot;px&quot;,&quot;size&quot;:&quot;&quot;,&quot;sizes&quot;:[]},&quot;_transform_scale_effect_tablet&quot;:{&quot;unit&quot;:&quot;px&quot;,&quot;size&quot;:&quot;&quot;,&quot;sizes&quot;:[]},&quot;_transform_scale_effect_mobile&quot;:{&quot;unit&quot;:&quot;px&quot;,&quot;size&quot;:&quot;&quot;,&quot;sizes&quot;:[]}}\" data-widget_type=\"image.default\">\n\t\t\t\t<div class=\"elementor-widget-container\">\n\t\t\t<style>\/*! elementor - v3.21.0 - 30-04-2024 *\/\n.elementor-widget-image{text-align:center}.elementor-widget-image a{display:inline-block}.elementor-widget-image a img[src$=\".svg\"]{width:48px}.elementor-widget-image img{vertical-align:middle;display:inline-block}<\/style>\t\t\t\t\t\t\t\t\t\t<img fetchpriority=\"high\" decoding=\"async\" width=\"600\" height=\"600\" src=\"https:\/\/piscinebluedesign33.fr\/wp-content\/uploads\/2024\/05\/Piscine-Cap-Ferret-600x600.jpg\" class=\"attachment-ocean-thumb-m size-ocean-thumb-m wp-image-9\" alt=\"\" srcset=\"https:\/\/piscinebluedesign33.fr\/wp-content\/uploads\/2024\/05\/Piscine-Cap-Ferret-600x600.jpg 600w, https:\/\/piscinebluedesign33.fr\/wp-content\/uploads\/2024\/05\/Piscine-Cap-Ferret-150x150.jpg 150w\" sizes=\"(max-width: 600px) 100vw, 600px\" \/>\t\t\t\t\t\t\t\t\t\t\t\t\t<\/div>\n\t\t\t\t<\/div>\n\t\t\t\t\t<\/div>\n\t\t\t\t<\/div>\n\t\t<div class=\"elementor-element elementor-element-477dc09 e-flex e-con-boxed e-con e-parent\" data-id=\"477dc09\" data-element_type=\"container\">\n\t\t\t\t\t<div class=\"e-con-inner\">\n\t\t\t\t<div class=\"elementor-element elementor-element-e6b0c85 elementor-align-center elementor-widget elementor-widget-button\" data-id=\"e6b0c85\" data-element_type=\"widget\" data-widget_type=\"button.default\">\n\t\t\t\t<div class=\"elementor-widget-container\">\n\t\t\t\t\t<div class=\"elementor-button-wrapper\">\n\t\t\t<a class=\"elementor-button elementor-button-link elementor-size-sm\" href=\"https:\/\/piscinebluedesign33.fr\/index.php\/contact\/\" target=\"_blank\">\n\t\t\t\t\t\t<span class=\"elementor-button-content-wrapper\">\n\t\t\t\t\t\t\t\t\t<span class=\"elementor-button-text\">Cliquez ici pour nous contacter<\/span>\n\t\t\t\t\t<\/span>\n\t\t\t\t\t<\/a>\n\t\t<\/div>\n\t\t\t\t<\/div>\n\t\t\t\t<\/div>\n\t\t\t\t\t<\/div>\n\t\t\t\t<\/div>\n\t\t\t\t<\/div>\n\t\t","protected":false},"excerpt":{"rendered":"<p>Bienvenue chez Piscine Blue Design, sp\u00e9cialiste de la construction et de la r\u00e9novation de piscine. Philippe Barbe, dirigeant de la soci\u00e9t\u00e9, met ses 15 ans d&rsquo;exp\u00e9rience dans le domaine de la piscine pour vous aider \u00e0 trouver celle qui correspond au mieux \u00e0 vos attentes en tenant compte de vos contraintes tant budg\u00e9taires que techniques [&hellip;]<\/p>\n","protected":false},"author":1,"featured_media":0,"parent":0,"menu_order":0,"comment_status":"closed","ping_status":"closed","template":"elementor_header_footer","meta":{"footnotes":""},"class_list":["post-130","page","type-page","status-publish","hentry","entry"],"yoast_head":"<!-- This site is optimized with the Yoast SEO plugin v22.6 - https:\/\/yoast.com\/wordpress\/plugins\/seo\/ -->\n<title>Piscine Blue Design Bordeaux<\/title>\n<meta name=\"description\" content=\"Cliquez ici pour d\u00e9couvrir les services de la soci\u00e9t\u00e9 Piscine Blue Design qui vous aidera \u00e0 choisir et installer votre piscine.\" \/>\n<meta name=\"robots\" content=\"index, follow, max-snippet:-1, max-image-preview:large, max-video-preview:-1\" \/>\n<link rel=\"canonical\" href=\"https:\/\/piscinebluedesign33.fr\/\" \/>\n<meta property=\"og:locale\" content=\"fr_FR\" \/>\n<meta property=\"og:type\" content=\"article\" \/>\n<meta property=\"og:title\" content=\"Piscine Blue Design Bordeaux\" \/>\n<meta property=\"og:description\" content=\"Cliquez ici pour d\u00e9couvrir les services de la soci\u00e9t\u00e9 Piscine Blue Design qui vous aidera \u00e0 choisir et installer votre piscine.\" \/>\n<meta property=\"og:url\" content=\"https:\/\/piscinebluedesign33.fr\/\" \/>\n<meta property=\"og:site_name\" content=\"Piscine Blue Design\" \/>\n<meta property=\"article:publisher\" content=\"https:\/\/www.facebook.com\/piscinebluedesign\" \/>\n<meta property=\"article:modified_time\" content=\"2024-05-09T15:44:18+00:00\" \/>\n<meta property=\"og:image\" content=\"https:\/\/piscinebluedesign33.fr\/wp-content\/uploads\/2024\/05\/Piscine-Cap-Ferret-600x600.jpg\" \/>\n<meta name=\"twitter:card\" content=\"summary_large_image\" \/>\n<meta name=\"twitter:label1\" content=\"Dur\u00e9e de lecture estim\u00e9e\" \/>\n\t<meta name=\"twitter:data1\" content=\"1 minute\" \/>\n<script type=\"application\/ld+json\" class=\"yoast-schema-graph\">{\"@context\":\"https:\/\/schema.org\",\"@graph\":[{\"@type\":\"WebPage\",\"@id\":\"https:\/\/piscinebluedesign33.fr\/\",\"url\":\"https:\/\/piscinebluedesign33.fr\/\",\"name\":\"Piscine Blue Design Bordeaux\",\"isPartOf\":{\"@id\":\"https:\/\/piscinebluedesign33.fr\/#website\"},\"primaryImageOfPage\":{\"@id\":\"https:\/\/piscinebluedesign33.fr\/#primaryimage\"},\"image\":{\"@id\":\"https:\/\/piscinebluedesign33.fr\/#primaryimage\"},\"thumbnailUrl\":\"https:\/\/piscinebluedesign33.fr\/wp-content\/uploads\/2024\/05\/Piscine-Cap-Ferret-600x600.jpg\",\"datePublished\":\"2024-05-05T14:34:14+00:00\",\"dateModified\":\"2024-05-09T15:44:18+00:00\",\"description\":\"Cliquez ici pour d\u00e9couvrir les services de la soci\u00e9t\u00e9 Piscine Blue Design qui vous aidera \u00e0 choisir et installer votre piscine.\",\"breadcrumb\":{\"@id\":\"https:\/\/piscinebluedesign33.fr\/#breadcrumb\"},\"inLanguage\":\"fr-FR\",\"potentialAction\":[{\"@type\":\"ReadAction\",\"target\":[\"https:\/\/piscinebluedesign33.fr\/\"]}]},{\"@type\":\"ImageObject\",\"inLanguage\":\"fr-FR\",\"@id\":\"https:\/\/piscinebluedesign33.fr\/#primaryimage\",\"url\":\"https:\/\/piscinebluedesign33.fr\/wp-content\/uploads\/2024\/05\/Piscine-Cap-Ferret.jpg\",\"contentUrl\":\"https:\/\/piscinebluedesign33.fr\/wp-content\/uploads\/2024\/05\/Piscine-Cap-Ferret.jpg\",\"width\":1170,\"height\":683},{\"@type\":\"BreadcrumbList\",\"@id\":\"https:\/\/piscinebluedesign33.fr\/#breadcrumb\",\"itemListElement\":[{\"@type\":\"ListItem\",\"position\":1,\"name\":\"Accueil\",\"item\":\"https:\/\/piscinebluedesign33.fr\/\"},{\"@type\":\"ListItem\",\"position\":2,\"name\":\"Accueil\"}]},{\"@type\":\"WebSite\",\"@id\":\"https:\/\/piscinebluedesign33.fr\/#website\",\"url\":\"https:\/\/piscinebluedesign33.fr\/\",\"name\":\"Piscine Blue Design\",\"description\":\"\",\"publisher\":{\"@id\":\"https:\/\/piscinebluedesign33.fr\/#organization\"},\"potentialAction\":[{\"@type\":\"SearchAction\",\"target\":{\"@type\":\"EntryPoint\",\"urlTemplate\":\"https:\/\/piscinebluedesign33.fr\/?s={search_term_string}\"},\"query-input\":\"required name=search_term_string\"}],\"inLanguage\":\"fr-FR\"},{\"@type\":\"Organization\",\"@id\":\"https:\/\/piscinebluedesign33.fr\/#organization\",\"name\":\"Piscine Blue Design\",\"url\":\"https:\/\/piscinebluedesign33.fr\/\",\"logo\":{\"@type\":\"ImageObject\",\"inLanguage\":\"fr-FR\",\"@id\":\"https:\/\/piscinebluedesign33.fr\/#\/schema\/logo\/image\/\",\"url\":\"https:\/\/piscinebluedesign33.fr\/wp-content\/uploads\/2024\/05\/Logo-PBD.png.jpg\",\"contentUrl\":\"https:\/\/piscinebluedesign33.fr\/wp-content\/uploads\/2024\/05\/Logo-PBD.png.jpg\",\"width\":335,\"height\":112,\"caption\":\"Piscine Blue Design\"},\"image\":{\"@id\":\"https:\/\/piscinebluedesign33.fr\/#\/schema\/logo\/image\/\"},\"sameAs\":[\"https:\/\/www.facebook.com\/piscinebluedesign\",\"https:\/\/www.instagram.com\/piscinebluedesign33\/\"]}]}<\/script>\n<!-- \/ Yoast SEO plugin. -->","yoast_head_json":{"title":"Piscine Blue Design Bordeaux","description":"Cliquez ici pour d\u00e9couvrir les services de la soci\u00e9t\u00e9 Piscine Blue Design qui vous aidera \u00e0 choisir et installer votre piscine.","robots":{"index":"index","follow":"follow","max-snippet":"max-snippet:-1","max-image-preview":"max-image-preview:large","max-video-preview":"max-video-preview:-1"},"canonical":"https:\/\/piscinebluedesign33.fr\/","og_locale":"fr_FR","og_type":"article","og_title":"Piscine Blue Design Bordeaux","og_description":"Cliquez ici pour d\u00e9couvrir les services de la soci\u00e9t\u00e9 Piscine Blue Design qui vous aidera \u00e0 choisir et installer votre piscine.","og_url":"https:\/\/piscinebluedesign33.fr\/","og_site_name":"Piscine Blue Design","article_publisher":"https:\/\/www.facebook.com\/piscinebluedesign","article_modified_time":"2024-05-09T15:44:18+00:00","og_image":[{"url":"https:\/\/piscinebluedesign33.fr\/wp-content\/uploads\/2024\/05\/Piscine-Cap-Ferret-600x600.jpg"}],"twitter_card":"summary_large_image","twitter_misc":{"Dur\u00e9e de lecture estim\u00e9e":"1 minute"},"schema":{"@context":"https:\/\/schema.org","@graph":[{"@type":"WebPage","@id":"https:\/\/piscinebluedesign33.fr\/","url":"https:\/\/piscinebluedesign33.fr\/","name":"Piscine Blue Design Bordeaux","isPartOf":{"@id":"https:\/\/piscinebluedesign33.fr\/#website"},"primaryImageOfPage":{"@id":"https:\/\/piscinebluedesign33.fr\/#primaryimage"},"image":{"@id":"https:\/\/piscinebluedesign33.fr\/#primaryimage"},"thumbnailUrl":"https:\/\/piscinebluedesign33.fr\/wp-content\/uploads\/2024\/05\/Piscine-Cap-Ferret-600x600.jpg","datePublished":"2024-05-05T14:34:14+00:00","dateModified":"2024-05-09T15:44:18+00:00","description":"Cliquez ici pour d\u00e9couvrir les services de la soci\u00e9t\u00e9 Piscine Blue Design qui vous aidera \u00e0 choisir et installer votre piscine.","breadcrumb":{"@id":"https:\/\/piscinebluedesign33.fr\/#breadcrumb"},"inLanguage":"fr-FR","potentialAction":[{"@type":"ReadAction","target":["https:\/\/piscinebluedesign33.fr\/"]}]},{"@type":"ImageObject","inLanguage":"fr-FR","@id":"https:\/\/piscinebluedesign33.fr\/#primaryimage","url":"https:\/\/piscinebluedesign33.fr\/wp-content\/uploads\/2024\/05\/Piscine-Cap-Ferret.jpg","contentUrl":"https:\/\/piscinebluedesign33.fr\/wp-content\/uploads\/2024\/05\/Piscine-Cap-Ferret.jpg","width":1170,"height":683},{"@type":"BreadcrumbList","@id":"https:\/\/piscinebluedesign33.fr\/#breadcrumb","itemListElement":[{"@type":"ListItem","position":1,"name":"Accueil","item":"https:\/\/piscinebluedesign33.fr\/"},{"@type":"ListItem","position":2,"name":"Accueil"}]},{"@type":"WebSite","@id":"https:\/\/piscinebluedesign33.fr\/#website","url":"https:\/\/piscinebluedesign33.fr\/","name":"Piscine Blue Design","description":"","publisher":{"@id":"https:\/\/piscinebluedesign33.fr\/#organization"},"potentialAction":[{"@type":"SearchAction","target":{"@type":"EntryPoint","urlTemplate":"https:\/\/piscinebluedesign33.fr\/?s={search_term_string}"},"query-input":"required name=search_term_string"}],"inLanguage":"fr-FR"},{"@type":"Organization","@id":"https:\/\/piscinebluedesign33.fr\/#organization","name":"Piscine Blue Design","url":"https:\/\/piscinebluedesign33.fr\/","logo":{"@type":"ImageObject","inLanguage":"fr-FR","@id":"https:\/\/piscinebluedesign33.fr\/#\/schema\/logo\/image\/","url":"https:\/\/piscinebluedesign33.fr\/wp-content\/uploads\/2024\/05\/Logo-PBD.png.jpg","contentUrl":"https:\/\/piscinebluedesign33.fr\/wp-content\/uploads\/2024\/05\/Logo-PBD.png.jpg","width":335,"height":112,"caption":"Piscine Blue Design"},"image":{"@id":"https:\/\/piscinebluedesign33.fr\/#\/schema\/logo\/image\/"},"sameAs":["https:\/\/www.facebook.com\/piscinebluedesign","https:\/\/www.instagram.com\/piscinebluedesign33\/"]}]}},"_links":{"self":[{"href":"https:\/\/piscinebluedesign33.fr\/index.php\/wp-json\/wp\/v2\/pages\/130","targetHints":{"allow":["GET"]}}],"collection":[{"href":"https:\/\/piscinebluedesign33.fr\/index.php\/wp-json\/wp\/v2\/pages"}],"about":[{"href":"https:\/\/piscinebluedesign33.fr\/index.php\/wp-json\/wp\/v2\/types\/page"}],"author":[{"embeddable":true,"href":"https:\/\/piscinebluedesign33.fr\/index.php\/wp-json\/wp\/v2\/users\/1"}],"replies":[{"embeddable":true,"href":"https:\/\/piscinebluedesign33.fr\/index.php\/wp-json\/wp\/v2\/comments?post=130"}],"version-history":[{"count":46,"href":"https:\/\/piscinebluedesign33.fr\/index.php\/wp-json\/wp\/v2\/pages\/130\/revisions"}],"predecessor-version":[{"id":434,"href":"https:\/\/piscinebluedesign33.fr\/index.php\/wp-json\/wp\/v2\/pages\/130\/revisions\/434"}],"wp:attachment":[{"href":"https:\/\/piscinebluedesign33.fr\/index.php\/wp-json\/wp\/v2\/media?parent=130"}],"curies":[{"name":"wp","href":"https:\/\/api.w.org\/{rel}","templated":true}]}}